{"id":23588,"date":"2024-03-29T08:01:41","date_gmt":"2024-03-29T08:01:41","guid":{"rendered":"https:\/\/legriotdupeuple.org\/?page_id=23588"},"modified":"2024-06-27T12:21:09","modified_gmt":"2024-06-27T12:21:09","slug":"panel-pour-la-promotion-de-la-bonne-gouvernance-et-la-lutte-contre-la-corruption-et-les-infractions-assimilees","status":"publish","type":"page","link":"https:\/\/legriotdupeuple.org\/index.php\/panel-pour-la-promotion-de-la-bonne-gouvernance-et-la-lutte-contre-la-corruption-et-les-infractions-assimilees\/","title":{"rendered":"Panel pour la promotion de la bonne gouvernance et la lutte contre la corruption et les infractions assimil\u00e9es."},"content":{"rendered":"\n<figure class=\"wp-block-video\"><video height=\"1080\" style=\"aspect-ratio: 1920 \/ 1080;\" width=\"1920\" controls src=\"https:\/\/legriotdupeuple.org\/wp-content\/uploads\/2024\/06\/MONTAGE-ONG_OKmp4.mp4\"><\/video><\/figure>\n\n\n\n<figure class=\"wp-block-video\"><\/figure>\n\n\n\n<ul class=\"wp-block-list\">\n<li><a href=\"https:\/\/legriotdupeuple.org\/wp-content\/uploads\/2024\/03\/courrier-monsieur-BAMBA-ONG20240322_19051320.pdf\">Demande d&rsquo;appui-Pdf<\/a><\/li>\n\n\n\n<li><a href=\"https:\/\/legriotdupeuple.org\/wp-content\/uploads\/2024\/03\/courrier-monsieur-BAMBA20240322_11252981-2.pdf\">Demande de Parrainage &#8211; Pdf<\/a><\/li>\n<\/ul>\n\n\n\n<div class=\"wp-block-buttons alignwide is-layout-flex wp-block-buttons-is-layout-flex\">\n<div class=\"wp-block-button\"><a class=\"wp-block-button__link has-dark-gray-color has-text-color has-background has-link-color wp-element-button\" href=\"https:\/\/legriotdupeuple.org\/index.php\/faire-un-don-make-a-donation\/\" style=\"background-color:#1870d9\">Faire un Don<\/a><\/div>\n<\/div>\n\n\n\n<figure class=\"wp-block-image size-full is-resized\"><a href=\"https:\/\/legriotdupeuple.org\/wp-content\/uploads\/2024\/05\/COMMUNIQUE-LUTTE-CONTRE-La-CORRUPTION-ok.mp3\" rel=\"COMMUNIQUE- LUTTE CONTRE La CORRUPTION \"><img decoding=\"async\" width=\"378\" height=\"76\" src=\"https:\/\/legriotdupeuple.org\/wp-content\/uploads\/2024\/03\/logo-legriotdupeuple-removebg-preview.png\" alt=\"\" class=\"wp-image-23601\" style=\"width:404px;height:auto\" srcset=\"https:\/\/legriotdupeuple.org\/wp-content\/uploads\/2024\/03\/logo-legriotdupeuple-removebg-preview.png 378w, https:\/\/legriotdupeuple.org\/wp-content\/uploads\/2024\/03\/logo-legriotdupeuple-removebg-preview-18x4.png 18w\" sizes=\"(max-width: 378px) 100vw, 378px\" \/><\/a><\/figure>\n\n\n\n<p><a href=\"https:\/\/legriotdupeuple.org\/wp-content\/uploads\/2024\/05\/COMMUNIQUE-LUTTE-CONTRE-La-CORRUPTION-ok.mp3\">COMMUNIQUE AUDIO &#8211; LUTTE CONTRE La CORRUPTION<\/a><\/p>\n\n\n\n<figure class=\"wp-block-embed is-type-video is-provider-youtube wp-block-embed-youtube wp-embed-aspect-16-9 wp-has-aspect-ratio\"><div class=\"wp-block-embed__wrapper\">\n<iframe title=\"LE GRIOT DU PEUPLE ORGANISE LA 1ere EDITION DU PANEL SUR LA BONNE GOUVERNANCE ET LA CORRUPTION\" width=\"500\" height=\"281\" src=\"https:\/\/www.youtube.com\/embed\/-ja3kSy9DKk?feature=oembed\" frameborder=\"0\" allow=\"accelerometer; autoplay; clipboard-write; encrypted-media; gyroscope; picture-in-picture; web-share\" referrerpolicy=\"strict-origin-when-cross-origin\" allowfullscreen><\/iframe>\n<\/div><\/figure>\n\n\n<div class='fluentform ff-default fluentform_wrapper_3 ffs_custom_wrap'><form data-form_id=\"3\" id=\"fluentform_3\" class=\"frm-fluent-form fluent_form_3 ff-el-form-top ff_form_instance_3_1 ff-form-loading ffs_custom\" data-form_instance=\"ff_form_instance_3_1\" method=\"POST\" ><fieldset  style=\"border: none!important;margin: 0!important;padding: 0!important;background-color: transparent!important;box-shadow: none!important;outline: none!important; min-inline-size: 100%;\">\n                    <legend class=\"ff_screen_reader_title\" style=\"display: block; margin: 0!important;padding: 0!important;height: 0!important;text-indent: -999999px;width: 0!important;overflow:hidden;\">Workshop Registration Form (#3)<\/legend><input type='hidden' name='__fluent_form_embded_post_id' value='23588' \/><input type=\"hidden\" id=\"_fluentform_3_fluentformnonce\" name=\"_fluentform_3_fluentformnonce\" value=\"63cecde92c\" \/><input type=\"hidden\" name=\"_wp_http_referer\" value=\"\/index.php\/wp-json\/wp\/v2\/pages\/23588\" \/><div class='ff-el-group  ff-custom_html' data-name=\"custom_html-3_1\" ><h2 id=\"header_15\" class=\"form-header\" style=\"text-align: center\" data-component=\"header\"><span style=\"text-decoration: underline\"><span style=\"color: #3838b0;text-decoration: underline\">Inscription au Panel pour la Promotion de la Bonne Gouvernance et la Lutte contre la Corruption et les Infractions Assimil\u00e9es.<\/span><\/span><\/h2>\n<p style=\"text-align: center\">\u00a0<\/p>\n<div style=\"text-align: center\"><img fetchpriority=\"high\" decoding=\"async\" class=\"alignnone  wp-image-23601\" src=\"https:\/\/legriotdupeuple.org\/wp-content\/uploads\/2024\/03\/logo-legriotdupeuple-removebg-preview.png\" alt=\"\" width=\"543\" height=\"110\" srcset=\"https:\/\/legriotdupeuple.org\/wp-content\/uploads\/2024\/03\/logo-legriotdupeuple-removebg-preview.png 378w, https:\/\/legriotdupeuple.org\/wp-content\/uploads\/2024\/03\/logo-legriotdupeuple-removebg-preview-18x4.png 18w\" sizes=\"(max-width: 543px) 100vw, 543px\" \/><\/div>\n<div style=\"text-align: center\"><span style=\"color: #3e48ab\"><strong>Date : 08 Mai<\/strong> , 2024\u00a0 \u00a0 \u00a0 \u00a0 \u00a0 \u00a0 \u00a0 \u00a0 \u00a0<strong>Time: <\/strong>10h00\u00a0 \u00a0 \u00a0 \u00a0 \u00a0 \u00a0 \u00a0 \u00a0<strong>Adresse : Treichville<\/strong><\/span><\/div>\n<div style=\"text-align: center\">\u00a0<\/div>\n<div id=\"subHeader_15\" class=\"form-subHeader\" style=\"text-align: center\">\n<p>Sous le haut parrainage de Monsieur le Pr\u00e9sident de la Haute Autorit\u00e9 pour la Bonne Gouvernance, et en partenariat avec la Haute Autorit\u00e9 pour la Bonne Gouvernance (HABG), Monsieur ZORO BIEPIFHANE BALLO, L' ONG LE GRIOT DU PEUPLE organise la premi\u00e8re \u00e9dition du panel sur la bonne gouvernance et la lutte contre la corruption.<\/p>\n<p><span style=\"text-decoration: underline\">Le panel sera anim\u00e9 par les trois pan\u00e9listes qui instruiront les participants sur les th\u00e8mes suivant :<\/span><\/p>\n<p><span style=\"text-decoration: underline\">THEME 1 :Les lois et ordonances relatives \u00e0 la pr\u00e9vention et la r\u00e9pression<\/span><\/p>\n<p><span style=\"text-decoration: underline\">contre la corruption et les infractions assimil\u00e9es<\/span><\/p>\n<p><span style=\"text-decoration: underline\">THEME 2 :Les effets de la corruption sur la croissance \u00e9conomique et du<\/span><\/p>\n<p><span style=\"text-decoration: underline\">d\u00e9veloppement de la Cote D'Ivoire et comment lutter<\/span><\/p>\n<p><span style=\"text-decoration: underline\">efficacement pour la r\u00e9duire<\/span><\/p>\n<p><span style=\"text-decoration: underline\">THEME 3 :<\/span> <span style=\"text-decoration: underline\">Contribution citoyenne des populations dans la promotion de la<\/span><\/p>\n<p><span style=\"text-decoration: underline\">bonne gouvernance et la lutte contre toutes les formes de<\/span><\/p>\n<p><span style=\"text-decoration: underline\">corruption.<\/span><\/p>\n<p>&nbsp;<\/p>\n<h2 id=\"header_15\" class=\"form-header\" style=\"text-align: center\" data-component=\"header\"><span style=\"text-decoration: underline\"><span style=\"color: #3838b0;text-decoration: underline\">Inscription au Panel<\/span><\/span><\/h2>\n<\/div><\/div><div class='ff-el-group'><div class=\"ff-el-input--label asterisk-right\"><label for='ff_3_input_text' aria-label=\"Nom\">Nom<\/label><\/div><div class='ff-el-input--content'><input type=\"text\" name=\"input_text\" class=\"ff-el-form-control\" data-name=\"input_text\" id=\"ff_3_input_text\"  aria-invalid=\"false\" aria-required=false><\/div><\/div><div class='ff-el-group'><div class=\"ff-el-input--label asterisk-right\"><label for='ff_3_email' aria-label=\"Email\">Email<\/label><\/div><div class='ff-el-input--content'><input type=\"email\" name=\"email\" id=\"ff_3_email\" class=\"ff-el-form-control\" data-name=\"email\"  aria-invalid=\"false\" aria-required=false><\/div><\/div><div class='ff-el-group'><div class=\"ff-el-input--label asterisk-right\"><label for='ff_3_phone' aria-label=\"Phone\">Phone<\/label><\/div><div class='ff-el-input--content'><input name=\"phone\" class=\"ff-el-form-control ff-el-phone\" type=\"tel\" data-name=\"phone\" id=\"ff_3_phone\" inputmode=\"tel\"  aria-invalid='false' aria-required=false><\/div><\/div><div class=\"ff-name-address-wrapper fluent-address\" data-type=\"address-element\" data-name=\"address1\" ><div class='ff-el-input--content'><div class='ff-t-container'><div class='ff-t-cell'><div class='ff-el-group'><div class=\"ff-el-input--label asterisk-right\"><label for='ff_3_address1_city_' aria-label=\"Ville - City\">Ville - City<\/label><\/div><div class='ff-el-input--content'><input type=\"text\" name=\"address1[city]\" id=\"ff_3_address1_city_\" class=\"ff-el-form-control\" data-key_name=\"city\"  aria-invalid=\"false\" aria-required=false><\/div><\/div><\/div><div class='ff-t-cell'><div class='ff-el-group'><div class=\"ff-el-input--label asterisk-right\"><label for='ff_3_address1_country_' aria-label=\"Pays - Country\">Pays - Country<\/label><\/div><div class='ff-el-input--content'><select name=\"address1[country]\" id=\"ff_3_address1_country_\" class=\"ff-el-form-control\" data-key_name=\"country\" aria-invalid='false' aria-required=false><option value=''><\/option><option value='AF' >Afghanistan<\/option><option value='ZA' >Afrique du Sud<\/option><option value='AL' >Albanie<\/option><option value='DZ' >Alg\u00e9rie<\/option><option value='DE' >Allemagne<\/option><option value='AS' >American Samoa<\/option><option value='AD' >Andorre<\/option><option value='AO' >Angola<\/option><option value='AI' >Anguilla<\/option><option value='AQ' >Antarctique<\/option><option value='AG' >Antigua-et-Barbuda<\/option><option value='SA' >Arabie Saoudite<\/option><option value='AR' >Argentine<\/option><option value='AM' >Arm\u00e9nie<\/option><option value='AW' >Aruba<\/option><option value='AU' >Australie<\/option><option value='AT' >Autriche<\/option><option value='AZ' >Azerbaijan<\/option><option value='BS' >Bahamas<\/option><option value='BH' >Bahrain<\/option><option value='BD' >Bangladesh<\/option><option value='BB' >Barbades<\/option><option value='PW' >Belau<\/option><option value='BE' >Belgique<\/option><option value='BZ' >Belize<\/option><option value='BJ' >Benin<\/option><option value='BM' >Bermudes<\/option><option value='BT' >Bhutan<\/option><option value='BY' >Bi\u00e9lorussie<\/option><option value='BO' >Bolivie<\/option><option value='BA' >Bosnie-Herz\u00e9govine<\/option><option value='BW' >Botswana<\/option><option value='BN' >Brunei<\/option><option value='BR' >Br\u00e9sil<\/option><option value='BG' >Bulgarie<\/option><option value='BF' >Burkina Faso<\/option><option value='BI' >Burundi<\/option><option value='KH' >Cambodge<\/option><option value='CM' >Cameroun<\/option><option value='CA' >Canada<\/option><option value='CV' >Cap Vert<\/option><option value='CL' >Chili<\/option><option value='CN' >Chine<\/option><option value='CX' >Christmas Island<\/option><option value='CY' >Chypre<\/option><option value='CO' >Colombie<\/option><option value='KM' >Comores<\/option><option value='KP' >Cor\u00e9e du Nord<\/option><option value='KR' >Cor\u00e9e du Sud<\/option><option value='CR' >Costa Rica<\/option><option value='HR' >Croatie<\/option><option value='CU' >Cuba<\/option><option value='CW' >Cura\u00e7ao<\/option><option value='CI' selected>C\u00f4te-d\u2019Ivoire<\/option><option value='DK' >Danemark<\/option><option value='DJ' >Djibouti<\/option><option value='DM' >Dominique<\/option><option value='ER' >Erythr\u00e9e<\/option><option value='ES' >Espagne<\/option><option value='EE' >Estonie<\/option><option value='US' >Etats-Unis (USA)<\/option><option value='FJ' >Fidji<\/option><option value='FI' >Finlande<\/option><option value='FR' >France<\/option><option value='GA' >Gabon<\/option><option value='GM' >Gambie<\/option><option value='GH' >Ghana<\/option><option value='GI' >Gibraltar<\/option><option value='GD' >Grenade<\/option><option value='GL' >Groenland<\/option><option value='GR' >Gr\u00e8ce<\/option><option value='GP' >Guadeloupe<\/option><option value='GU' >Guam<\/option><option value='GT' >Guatemala<\/option><option value='GG' >Guernesey<\/option><option value='GN' >Guin\u00e9e<\/option><option value='GQ' >Guin\u00e9e \u00e9quatoriale<\/option><option value='GW' >Guin\u00e9e-Bissau<\/option><option value='GY' >Guyane<\/option><option value='GF' >Guyane Fran\u00e7aise<\/option><option value='GE' >G\u00e9orgie<\/option><option value='GS' >G\u00e9orgie du Sud \/ \u00eeles Sandwich<\/option><option value='HT' >Ha\u00efti<\/option><option value='HN' >Honduras<\/option><option value='HK' >Hong Kong<\/option><option value='HU' >Hongrie<\/option><option value='IN' >Inde<\/option><option value='ID' >Indon\u00e9sie<\/option><option value='IR' >Iran<\/option><option value='IQ' >Iraq<\/option><option value='IE' >Irlande<\/option><option value='IS' >Islande<\/option><option value='IL' >Isra\u00ebl<\/option><option value='IT' >Italie<\/option><option value='JM' >Jama\u00efque<\/option><option value='JP' >Japon<\/option><option value='JE' >Jersey<\/option><option value='JO' >Jordanie<\/option><option value='KZ' >Kazakhstan<\/option><option value='KE' >Kenya<\/option><option value='KI' >Kiribati<\/option><option value='XK' >Kosovo<\/option><option value='KW' >Kowe\u00eft<\/option><option value='KG' >Kyrgyzstan<\/option><option value='RE' >La R\u00e9union<\/option><option value='LA' >Laos<\/option><option value='LS' >Lesotho<\/option><option value='LV' >Lettonie<\/option><option value='LB' >Liban<\/option><option value='LR' >Liberia<\/option><option value='LY' >Libye<\/option><option value='LI' >Liechtenstein<\/option><option value='LT' >Lituanie<\/option><option value='LU' >Luxembourg<\/option><option value='MO' >Macao S.A.R., Chine<\/option><option value='MK' >Mac\u00e9doine<\/option><option value='MG' >Madagascar<\/option><option value='MY' >Malaisie<\/option><option value='MW' >Malawi<\/option><option value='MV' >Maldives<\/option><option value='ML' >Mali<\/option><option value='MT' >Malte<\/option><option value='MA' >Maroc<\/option><option value='MQ' >Martinique<\/option><option value='MU' >Maurice<\/option><option value='MR' >Mauritanie<\/option><option value='YT' >Mayotte<\/option><option value='MX' >Mexique<\/option><option value='FM' >Micron\u00e9sie<\/option><option value='MD' >Moldavie<\/option><option value='MC' >Monaco<\/option><option value='MN' >Mongolie<\/option><option value='ME' >Montenegro<\/option><option value='MS' >Montserrat<\/option><option value='MZ' >Mozambique<\/option><option value='MM' >Myanmar<\/option><option value='NA' >Namibie<\/option><option value='NR' >Nauru<\/option><option value='NI' >Nicaragua<\/option><option value='NE' >Niger<\/option><option value='NG' >Nigeria<\/option><option value='NU' >Niue<\/option><option value='MP' >Northern Mariana Islands<\/option><option value='NO' >Norv\u00e8ge<\/option><option value='NC' >Nouvelle-Cal\u00e9donie<\/option><option value='NZ' >Nouvelle-Z\u00e9lande<\/option><option value='NP' >N\u00e9pal<\/option><option value='OM' >Oman<\/option><option value='PK' >Pakistan<\/option><option value='PA' >Panama<\/option><option value='PG' >Papouasie-Nouvelle-Guin\u00e9e<\/option><option value='PY' >Paraguay<\/option><option value='NL' >Pays-Bas<\/option><option value='PH' >Philippines<\/option><option value='PN' >Pitcairn<\/option><option value='PL' >Pologne<\/option><option value='PF' >Polyn\u00e9sie Fran\u00e7aise<\/option><option value='PT' >Portugal<\/option><option value='PR' >Puerto Rico<\/option><option value='PE' >P\u00e9rou<\/option><option value='QA' >Qatar<\/option><option value='RO' >Roumanie<\/option><option value='GB' >Royaume-Uni (UK)<\/option><option value='RU' >Russie<\/option><option value='RW' >Rwanda<\/option><option value='CF' >R\u00e9publique Centrafricaine<\/option><option value='DO' >R\u00e9publique Dominicaine<\/option><option value='CZ' >R\u00e9publique Tch\u00e8que<\/option><option value='CG' >R\u00e9publique du Congo (Brazzaville)<\/option><option value='CD' >R\u00e9publique d\u00e9mocratique du Congo (Kinshasa)<\/option><option value='BQ' >Saba, Saint-Eustache et Bonaire<\/option><option value='EH' >Sahara occidental<\/option><option value='BL' >Saint Barth\u00e9lemy<\/option><option value='PM' >Saint Pierre et Miquelon<\/option><option value='KN' >Saint-Kitts-et-Nevis<\/option><option value='MF' >Saint-Martin (partie fran\u00e7aise)<\/option><option value='SX' >Saint-Martin (partie n\u00e9erlandaise)<\/option><option value='VC' >Saint-Vincent-et-les-Grenadines<\/option><option value='SH' >Sainte-H\u00e9l\u00e8ne<\/option><option value='LC' >Sainte-Lucie<\/option><option value='SV' >Salvador<\/option><option value='WS' >Samoa<\/option><option value='SM' >San Marino<\/option><option value='ST' >Sao Tom\u00e9-et-Principe<\/option><option value='RS' >Serbie<\/option><option value='SC' >Seychelles<\/option><option value='SL' >Sierra Leone<\/option><option value='SG' >Singapour<\/option><option value='SK' >Slovaquie<\/option><option value='SI' >Slov\u00e9nie<\/option><option value='SO' >Somalie<\/option><option value='SD' >Soudan<\/option><option value='SS' >Soudan du Sud<\/option><option value='LK' >Sri Lanka<\/option><option value='CH' >Suisse<\/option><option value='SR' >Suriname<\/option><option value='SE' >Su\u00e8de<\/option><option value='SJ' >Svalbard et Jan Mayen<\/option><option value='SZ' >Swaziland<\/option><option value='SY' >Syrie<\/option><option value='SN' >S\u00e9n\u00e9gal<\/option><option value='TW' >Taiwan<\/option><option value='TJ' >Tajikistan<\/option><option value='TZ' >Tanzanie<\/option><option value='TD' >Tchad<\/option><option value='TF' >Terres Australes Fran\u00e7aises<\/option><option value='PS' >Territoire Palestinien<\/option><option value='IO' >Territoire britannique de l&rsquo;oc\u00e9an Indien<\/option><option value='TH' >Thailande<\/option><option value='TL' >Timor-Leste<\/option><option value='TG' >Togo<\/option><option value='TK' >Tokelau<\/option><option value='TO' >Tonga<\/option><option value='TT' >Trinit\u00e9-et-Tobago<\/option><option value='TN' >Tunisie<\/option><option value='TM' >Turkm\u00e9nistan<\/option><option value='TR' >Turquie<\/option><option value='TV' >Tuvalu<\/option><option value='UG' >Uganda<\/option><option value='UA' >Ukraine<\/option><option value='UY' >Uruguay<\/option><option value='UZ' >Uzbekistan<\/option><option value='VU' >Vanuatu<\/option><option value='VA' >Vatican<\/option><option value='VE' >Venezuela<\/option><option value='VN' >Vietnam<\/option><option value='WF' >Wallis et Futuna<\/option><option value='YE' >Yemen<\/option><option value='ZM' >Zambie<\/option><option value='ZW' >Zimbabwe<\/option><option value='EG' >\u00c9gypte<\/option><option value='AE' >\u00c9mirats Arabes Unis<\/option><option value='EC' >\u00c9quateur<\/option><option value='ET' >\u00c9thiopie<\/option><option value='BV' >\u00cele Bouvet<\/option><option value='NF' >\u00cele Norfolk<\/option><option value='IM' >\u00cele de Man<\/option><option value='AX' >\u00celes Aland<\/option><option value='KY' >\u00celes Ca\u00efmans<\/option><option value='CC' >\u00celes Cocos<\/option><option value='CK' >\u00celes Cook<\/option><option value='FK' >\u00celes Falkland<\/option><option value='FO' >\u00celes F\u00e9ro\u00e9<\/option><option value='HM' >\u00celes Heard-et-MacDonald<\/option><option value='MH' >\u00celes Marshall<\/option><option value='UM' >\u00celes Mineures \u00e9loign\u00e9es des \u00c9tats-Unis<\/option><option value='SB' >\u00celes Salomon<\/option><option value='TC' >\u00celes Turques et Ca\u00efques<\/option><option value='VI' >\u00celes Vierges am\u00e9ricaines (US)<\/option><option value='VG' >\u00celes Vierges britanniques<\/option><\/select><\/div><\/div><\/div><\/div><\/div><\/div><div class='ff-el-group'><div class=\"ff-el-input--label asterisk-right\"><label for='ff_3_input_text_1' aria-label=\"Nom du Participant ou Entreprise\">Nom du Participant ou Entreprise<\/label><\/div><div class='ff-el-input--content'><input type=\"text\" name=\"input_text_1\" class=\"ff-el-form-control\" data-name=\"input_text_1\" id=\"ff_3_input_text_1\"  aria-invalid=\"false\" aria-required=false><\/div><\/div><div class='ff-el-group'><div class=\"ff-el-input--label asterisk-right\"><label  aria-label=\"Comment avez-vous entendu parler de l\u2019atelier ?\">Comment avez-vous entendu parler de l\u2019atelier ?<\/label><\/div><div class='ff-el-input--content'><div class='ff-el-form-check ff-el-form-check-'><label class='ff-el-form-check-label' for=checkbox_1_2c9f2eb554f42216291d09e3d96207da><input  type=\"checkbox\" name=\"checkbox_1[]\" data-name=\"checkbox_1\" class=\"ff-el-form-check-input ff-el-form-check-checkbox\" value=\"Site Internet\"  id='checkbox_1_2c9f2eb554f42216291d09e3d96207da' aria-label='Site Internet' aria-invalid='false' aria-required=false> <span>Site Internet<\/span><\/label><\/div><div class='ff-el-form-check ff-el-form-check-'><label class='ff-el-form-check-label' for=checkbox_1_415146ac51670ec4a13bd315e25b4752><input  type=\"checkbox\" name=\"checkbox_1[]\" data-name=\"checkbox_1\" class=\"ff-el-form-check-input ff-el-form-check-checkbox\" value=\"Ami \/ Collegue\"  id='checkbox_1_415146ac51670ec4a13bd315e25b4752' aria-label='Ami \/ Collegue' aria-invalid='false' aria-required=false> <span>Ami \/ Collegue<\/span><\/label><\/div><div class='ff-el-form-check ff-el-form-check-'><label class='ff-el-form-check-label' for=checkbox_1_47fa2c9d8c17a2f707d8bb6d37964d89><input  type=\"checkbox\" name=\"checkbox_1[]\" data-name=\"checkbox_1\" class=\"ff-el-form-check-input ff-el-form-check-checkbox\" value=\"Recherche en ligne\"  id='checkbox_1_47fa2c9d8c17a2f707d8bb6d37964d89' aria-label='Recherche en ligne' aria-invalid='false' aria-required=false> <span>Recherche en ligne<\/span><\/label><\/div><\/div><\/div><div class='ff-el-group ff-text-left ff_submit_btn_wrapper'><button type=\"submit\" class=\"ff-btn ff-btn-submit ff-btn-md ff_btn_style\" >Envoyer votre inscription<\/button><\/div><\/fieldset><\/form><div id='fluentform_3_errors' class='ff-errors-in-stack ff_form_instance_3_1 ff-form-loading_errors ff_form_instance_3_1_errors'><\/div><\/div>        <script type=\"text\/javascript\">\n            window.fluent_form_ff_form_instance_3_1 = {\"id\":\"3\",\"settings\":{\"layout\":{\"labelPlacement\":\"top\",\"helpMessagePlacement\":\"with_label\",\"errorMessagePlacement\":\"inline\",\"cssClassName\":\"\",\"asteriskPlacement\":\"asterisk-right\"},\"restrictions\":{\"denyEmptySubmission\":{\"enabled\":false}}},\"form_instance\":\"ff_form_instance_3_1\",\"form_id_selector\":\"fluentform_3\",\"rules\":{\"input_text\":{\"required\":{\"value\":false,\"message\":\"Ce champ est obligatoire\",\"global\":true,\"global_message\":\"Ce champ est obligatoire\"}},\"email\":{\"required\":{\"value\":false,\"message\":\"Ce champ est obligatoire\",\"global\":true,\"global_message\":\"Ce champ est obligatoire\"},\"email\":{\"value\":true,\"message\":\"Ce champ doit contenir un e-mail valide\",\"global\":true,\"global_message\":\"Ce champ doit contenir un e-mail valide\"}},\"phone\":{\"required\":{\"value\":false,\"message\":\"Ce champ est obligatoire\",\"global\":true,\"global_message\":\"Ce champ est obligatoire\"},\"valid_phone_number\":{\"value\":false,\"message\":\"Le num\\u00e9ro de t\\u00e9l\\u00e9phone n'est pas valide\",\"global\":true,\"global_message\":\"Le num\\u00e9ro de t\\u00e9l\\u00e9phone n'est pas valide\"}},\"address1[address_line_1]\":{\"required\":{\"value\":false,\"message\":\"Ce champ est obligatoire\",\"global\":true,\"global_message\":\"Ce champ est obligatoire\"}},\"address1[address_line_2]\":{\"required\":{\"value\":false,\"message\":\"Ce champ est obligatoire\",\"global\":true,\"global_message\":\"Ce champ est obligatoire\"}},\"address1[city]\":{\"required\":{\"value\":false,\"message\":\"Ce champ est obligatoire\",\"global\":true,\"global_message\":\"Ce champ est obligatoire\"}},\"address1[state]\":{\"required\":{\"value\":false,\"message\":\"Ce champ est obligatoire\",\"global\":true,\"global_message\":\"Ce champ est obligatoire\"}},\"address1[zip]\":{\"required\":{\"value\":false,\"message\":\"Ce champ est obligatoire\",\"global\":true,\"global_message\":\"Ce champ est obligatoire\"}},\"address1[country]\":{\"required\":{\"value\":false,\"message\":\"Ce champ est obligatoire\",\"global\":true,\"global_message\":\"Ce champ est obligatoire\"}},\"input_text_1\":{\"required\":{\"value\":false,\"message\":\"Ce champ est obligatoire\",\"global\":true,\"global_message\":\"Ce champ est obligatoire\"}},\"checkbox_1\":{\"required\":{\"value\":false,\"message\":\"Ce champ est obligatoire\",\"global\":true,\"global_message\":\"Ce champ est obligatoire\"}}}};\n                    <\/script>\n        \n\n\n\n<figure class=\"wp-block-audio\"><audio controls src=\"https:\/\/legriotdupeuple.org\/wp-content\/uploads\/2024\/05\/ONG-GROT-DU-PEUPLE.mp3\"><\/audio><\/figure>\n","protected":false},"excerpt":{"rendered":"<p>COMMUNIQUE AUDIO &#8211; LUTTE CONTRE La CORRUPTION<\/p>\n","protected":false},"author":1,"featured_media":0,"parent":0,"menu_order":0,"comment_status":"closed","ping_status":"closed","template":"","meta":{"sfsi_plus_gutenberg_text_before_share":"","sfsi_plus_gutenberg_show_text_before_share":"","sfsi_plus_gutenberg_icon_type":"","sfsi_plus_gutenberg_icon_alignemt":"","sfsi_plus_gutenburg_max_per_row":"","footnotes":""},"class_list":["post-23588","page","type-page","status-publish","hentry"],"_links":{"self":[{"href":"https:\/\/legriotdupeuple.org\/index.php\/wp-json\/wp\/v2\/pages\/23588","targetHints":{"allow":["GET"]}}],"collection":[{"href":"https:\/\/legriotdupeuple.org\/index.php\/wp-json\/wp\/v2\/pages"}],"about":[{"href":"https:\/\/legriotdupeuple.org\/index.php\/wp-json\/wp\/v2\/types\/page"}],"author":[{"embeddable":true,"href":"https:\/\/legriotdupeuple.org\/index.php\/wp-json\/wp\/v2\/users\/1"}],"replies":[{"embeddable":true,"href":"https:\/\/legriotdupeuple.org\/index.php\/wp-json\/wp\/v2\/comments?post=23588"}],"version-history":[{"count":20,"href":"https:\/\/legriotdupeuple.org\/index.php\/wp-json\/wp\/v2\/pages\/23588\/revisions"}],"predecessor-version":[{"id":23650,"href":"https:\/\/legriotdupeuple.org\/index.php\/wp-json\/wp\/v2\/pages\/23588\/revisions\/23650"}],"wp:attachment":[{"href":"https:\/\/legriotdupeuple.org\/index.php\/wp-json\/wp\/v2\/media?parent=23588"}],"curies":[{"name":"wp","href":"https:\/\/api.w.org\/{rel}","templated":true}]}}