{"id":23228,"date":"2023-01-05T21:20:25","date_gmt":"2023-01-05T21:20:25","guid":{"rendered":"https:\/\/legriotdupeuple.org\/?page_id=23228"},"modified":"2023-01-05T21:27:55","modified_gmt":"2023-01-05T21:27:55","slug":"notre-objectif","status":"publish","type":"page","link":"https:\/\/legriotdupeuple.org\/index.php\/notre-objectif\/","title":{"rendered":"Notre Objectif"},"content":{"rendered":"\t\t<div data-elementor-type=\"wp-page\" data-elementor-id=\"23228\" class=\"elementor elementor-23228\">\n\t\t\t\t\t\t<section class=\"elementor-section elementor-top-section elementor-element elementor-element-5ebfc9f1 elementor-section-boxed elementor-section-height-default elementor-section-height-default\" data-id=\"5ebfc9f1\" data-element_type=\"section\">\n\t\t\t\t\t\t<div class=\"elementor-container elementor-column-gap-default\">\n\t\t\t\t\t<div class=\"elementor-column elementor-col-100 elementor-top-column elementor-element elementor-element-e6be124\" data-id=\"e6be124\" data-element_type=\"column\">\n\t\t\t<div class=\"elementor-widget-wrap elementor-element-populated\">\n\t\t\t\t\t\t<div class=\"elementor-element elementor-element-23f820f4 elementor-widget elementor-widget-charetysectiontitle\" data-id=\"23f820f4\" data-element_type=\"widget\" data-widget_type=\"charetysectiontitle.default\">\n\t\t\t\t<div class=\"elementor-widget-container\">\n\t\t\t<div class=\"section-title-wrapper\"><div class=\"title-wrap\"><h3 class=\"section-title\">Notre <span class=\"title-suffix theme-color\">Objectif<\/span><\/h3><\/div><!-- .title-wrap --><div class=\"section-description\"><\/div><!-- .section-description --><\/div><!-- .section-title-wrapper -->\t\t<\/div>\n\t\t\t\t<\/div>\n\t\t\t\t<div class=\"elementor-element elementor-element-4173941a elementor-widget elementor-widget-text-editor\" data-id=\"4173941a\" data-element_type=\"widget\" data-widget_type=\"text-editor.default\">\n\t\t\t\t<div class=\"elementor-widget-container\">\n\t\t\t<style>\/*! elementor - v3.20.0 - 26-03-2024 *\/\n.elementor-widget-text-editor.elementor-drop-cap-view-stacked .elementor-drop-cap{background-color:#69727d;color:#fff}.elementor-widget-text-editor.elementor-drop-cap-view-framed .elementor-drop-cap{color:#69727d;border:3px solid;background-color:transparent}.elementor-widget-text-editor:not(.elementor-drop-cap-view-default) .elementor-drop-cap{margin-top:8px}.elementor-widget-text-editor:not(.elementor-drop-cap-view-default) .elementor-drop-cap-letter{width:1em;height:1em}.elementor-widget-text-editor .elementor-drop-cap{float:left;text-align:center;line-height:1;font-size:50px}.elementor-widget-text-editor .elementor-drop-cap-letter{display:inline-block}<\/style>\t\t\t\t<p>Dans le cadre de sa mission, <strong>L\u2019ONG-GRIOT DU PEUPLE<\/strong> accompagne le gouvernement dans toutes les politiques qui visent le d\u00e9veloppement humain dans tous les secteurs socio-\u00e9conomiques en C\u00f4te-D\u2019Ivoire, sans distinction d\u2019origine, de race, d\u2019ethnie ou de religion.<\/p><p>En tant qu\u2019une organisation caritative \u00e0 but non lucratif et non apolitique, nous avons en effet pour objectif, le d\u00e9veloppement humain dans tous les domaines socio-\u00e9conomiques, \u00e0 savoir\u00a0:<\/p><ul><li>Stimuler et \u00e9veiller les consciences des populations, promouvoir et valoriser la bonne gouvernance\u00a0;<\/li><li>Enqu\u00eater et d\u00e9noncer la corruption\u00a0;\u00a0<\/li><li>Contribuer au d\u00e9veloppement humain, dans tous les domaines socio-\u00e9conomiques\u00a0au niveau de l\u2019\u00e9ducation, la culture, la sant\u00e9, l\u2019agriculture et l\u2019\u00e9levage\u00a0;<\/li><li>D\u00e9velopper le leadership f\u00e9minin \u00e0 travers l\u2019entreprenariat f\u00e9minin pour l\u2019atteinte de l\u2019autonomisation des femmes\u00a0;<\/li><li>Veiller au respect de l\u2019environnement pour la protection de l\u2019\u00e9cosyst\u00e8me\u00a0et au respect des r\u00e8glementations en vigueurs au niveau de l\u2019\u00e9nergie et la gestion des d\u00e9chets\u00a0;<\/li><li>Veiller \u00e0 la qualit\u00e9 de l\u2019alimentation et la s\u00e9curit\u00e9 alimentaire, d\u00e9fendre les droits humains, notamment les personnes vuln\u00e9rables.<\/li><\/ul>\t\t\t\t\t\t<\/div>\n\t\t\t\t<\/div>\n\t\t\t\t\t<\/div>\n\t\t<\/div>\n\t\t\t\t\t<\/div>\n\t\t<\/section>\n\t\t\t\t<\/div>\n\t\t","protected":false},"excerpt":{"rendered":"<p>Notre Objectif Dans le cadre de sa mission, L\u2019ONG-GRIOT DU PEUPLE accompagne le gouvernement dans toutes les politiques qui visent le d\u00e9veloppement humain dans tous les secteurs socio-\u00e9conomiques en C\u00f4te-D\u2019Ivoire, sans distinction d\u2019origine, de race, d\u2019ethnie ou de religion. En tant qu\u2019une organisation caritative \u00e0 but non lucratif et non apolitique, nous avons en effet<\/p>\n","protected":false},"author":1,"featured_media":0,"parent":0,"menu_order":0,"comment_status":"closed","ping_status":"closed","template":"","meta":{"sfsi_plus_gutenberg_text_before_share":"","sfsi_plus_gutenberg_show_text_before_share":"","sfsi_plus_gutenberg_icon_type":"","sfsi_plus_gutenberg_icon_alignemt":"","sfsi_plus_gutenburg_max_per_row":"","footnotes":""},"class_list":["post-23228","page","type-page","status-publish","hentry"],"_links":{"self":[{"href":"https:\/\/legriotdupeuple.org\/index.php\/wp-json\/wp\/v2\/pages\/23228","targetHints":{"allow":["GET"]}}],"collection":[{"href":"https:\/\/legriotdupeuple.org\/index.php\/wp-json\/wp\/v2\/pages"}],"about":[{"href":"https:\/\/legriotdupeuple.org\/index.php\/wp-json\/wp\/v2\/types\/page"}],"author":[{"embeddable":true,"href":"https:\/\/legriotdupeuple.org\/index.php\/wp-json\/wp\/v2\/users\/1"}],"replies":[{"embeddable":true,"href":"https:\/\/legriotdupeuple.org\/index.php\/wp-json\/wp\/v2\/comments?post=23228"}],"version-history":[{"count":10,"href":"https:\/\/legriotdupeuple.org\/index.php\/wp-json\/wp\/v2\/pages\/23228\/revisions"}],"predecessor-version":[{"id":23239,"href":"https:\/\/legriotdupeuple.org\/index.php\/wp-json\/wp\/v2\/pages\/23228\/revisions\/23239"}],"wp:attachment":[{"href":"https:\/\/legriotdupeuple.org\/index.php\/wp-json\/wp\/v2\/media?parent=23228"}],"curies":[{"name":"wp","href":"https:\/\/api.w.org\/{rel}","templated":true}]}}