{"id":23206,"date":"2023-01-05T20:24:47","date_gmt":"2023-01-05T20:24:47","guid":{"rendered":"https:\/\/legriotdupeuple.org\/?page_id=23206"},"modified":"2023-01-05T21:14:18","modified_gmt":"2023-01-05T21:14:18","slug":"notre-vision","status":"publish","type":"page","link":"https:\/\/legriotdupeuple.org\/index.php\/notre-vision\/","title":{"rendered":"Notre vision"},"content":{"rendered":"\t\t<div data-elementor-type=\"wp-page\" data-elementor-id=\"23206\" class=\"elementor elementor-23206\">\n\t\t\t\t\t\t<section class=\"elementor-section elementor-top-section elementor-element elementor-element-32e0f910 elementor-section-boxed elementor-section-height-default elementor-section-height-default\" data-id=\"32e0f910\" data-element_type=\"section\">\n\t\t\t\t\t\t<div class=\"elementor-container elementor-column-gap-default\">\n\t\t\t\t\t<div class=\"elementor-column elementor-col-100 elementor-top-column elementor-element elementor-element-6ad7a5c8\" data-id=\"6ad7a5c8\" data-element_type=\"column\">\n\t\t\t<div class=\"elementor-widget-wrap elementor-element-populated\">\n\t\t\t\t\t\t<div class=\"elementor-element elementor-element-7607c869 elementor-widget elementor-widget-charetysectiontitle\" data-id=\"7607c869\" data-element_type=\"widget\" data-widget_type=\"charetysectiontitle.default\">\n\t\t\t\t<div class=\"elementor-widget-container\">\n\t\t\t<div class=\"section-title-wrapper\"><div class=\"title-wrap\"><h3 class=\"section-title\">Notre <span class=\"title-suffix theme-color\">Vision<\/span><\/h3><\/div><!-- .title-wrap --><div class=\"section-description\"><\/div><!-- .section-description --><\/div><!-- .section-title-wrapper -->\t\t<\/div>\n\t\t\t\t<\/div>\n\t\t\t\t<div class=\"elementor-element elementor-element-183130e1 elementor-widget elementor-widget-text-editor\" data-id=\"183130e1\" data-element_type=\"widget\" data-widget_type=\"text-editor.default\">\n\t\t\t\t<div class=\"elementor-widget-container\">\n\t\t\t<style>\/*! elementor - v3.20.0 - 26-03-2024 *\/\n.elementor-widget-text-editor.elementor-drop-cap-view-stacked .elementor-drop-cap{background-color:#69727d;color:#fff}.elementor-widget-text-editor.elementor-drop-cap-view-framed .elementor-drop-cap{color:#69727d;border:3px solid;background-color:transparent}.elementor-widget-text-editor:not(.elementor-drop-cap-view-default) .elementor-drop-cap{margin-top:8px}.elementor-widget-text-editor:not(.elementor-drop-cap-view-default) .elementor-drop-cap-letter{width:1em;height:1em}.elementor-widget-text-editor .elementor-drop-cap{float:left;text-align:center;line-height:1;font-size:50px}.elementor-widget-text-editor .elementor-drop-cap-letter{display:inline-block}<\/style>\t\t\t\t<p>A l\u2019horizon 2025, nous comptons apporter des solutions efficientes et durables \u00e0 la r\u00e9duction significative de la pauvret\u00e9 des populations les plus vuln\u00e9rables en C\u00f4te-D\u2019Ivoire, notamment celles des m\u00e9nages les plus pauvres. Notre programme de lutte contre la pauvret\u00e9 en milieu p\u00e9ri-urbain et rural dans la r\u00e9gion du Bafing, visera l\u2019am\u00e9lioration des conditions de vie des m\u00e9nages les plus pauvres.<\/p><p>A travers notre Programme de Lutte Contre la Pauvret\u00e9 en Milieu p\u00e9ri-urbain et rural dans la R\u00e9gion du Bafing, nous visont le d\u00e9veloppement rapide et durable des secteurs d\u2019activit\u00e9s agricole, de l\u2019\u00e9levage et du commerce dans cette r\u00e9gion class\u00e9e parmi les plus pauvres en C\u00f4te-D\u2019Ivoire.<\/p><p>Dans cette vision de d\u00e9veloppement, nous avons lanc\u00e9 24 octobre 2022 une op\u00e9ration de recensement des associations et soci\u00e9t\u00e9s coop\u00e9ratives et leurs membres dans la r\u00e9gion du Bafing, pour atteindre les objectifs sp\u00e9cifiques suivants\u00a0:<\/p><ul><li>Localiser, identifier et d\u00e9nombrer les membres des associations et soci\u00e9t\u00e9s coop\u00e9ratives agricole, d\u2019\u00e9levage et commerce\u00a0;<\/li><li>Former les membres des associations ou des soci\u00e9t\u00e9s coop\u00e9ratives du secteur agricole, de l\u2019\u00e9levage et de commerce dans la r\u00e9gion du Bafing\u00a0;<\/li><li>Apporter son appui technique aux associations ou aux soci\u00e9t\u00e9s coop\u00e9ratives agricole et l\u2019\u00e9levage\u00a0au niveau de la recherche de financement dans la r\u00e9gion du Bafing\u00a0;<\/li><li>Suivre et encadrer au niveau de la production, les membres des associations ou des soci\u00e9t\u00e9s coop\u00e9ratives agricole et d\u2019\u00e9levage dans la r\u00e9gion du Bafing\u00a0;<\/li><li>Appuyer la commercialisation de la production agricole et animale des associations ou des soci\u00e9t\u00e9s coop\u00e9ratives agricole dans la r\u00e9gion du Bafing\u00a0;<\/li><li>Accompagner les acteurs du secteur de commerce dans la r\u00e9gion du Bafing au niveau du financement de leurs activit\u00e9s dans la r\u00e9gion du Bafing\u00a0;<\/li><li>Renforcer les capacit\u00e9s des membres des associations ou des soci\u00e9t\u00e9s coop\u00e9ratives agricole et de l\u2019\u00e9levage en mati\u00e8re de gestion et de production dans la r\u00e9gion du Bafing, etc\u2026<\/li><\/ul>\t\t\t\t\t\t<\/div>\n\t\t\t\t<\/div>\n\t\t\t\t\t<\/div>\n\t\t<\/div>\n\t\t\t\t\t<\/div>\n\t\t<\/section>\n\t\t\t\t<\/div>\n\t\t","protected":false},"excerpt":{"rendered":"<p>Notre Vision A l\u2019horizon 2025, nous comptons apporter des solutions efficientes et durables \u00e0 la r\u00e9duction significative de la pauvret\u00e9 des populations les plus vuln\u00e9rables en C\u00f4te-D\u2019Ivoire, notamment celles des m\u00e9nages les plus pauvres. Notre programme de lutte contre la pauvret\u00e9 en milieu p\u00e9ri-urbain et rural dans la r\u00e9gion du Bafing, visera l\u2019am\u00e9lioration des conditions<\/p>\n","protected":false},"author":1,"featured_media":0,"parent":0,"menu_order":0,"comment_status":"closed","ping_status":"closed","template":"","meta":{"sfsi_plus_gutenberg_text_before_share":"","sfsi_plus_gutenberg_show_text_before_share":"","sfsi_plus_gutenberg_icon_type":"","sfsi_plus_gutenberg_icon_alignemt":"","sfsi_plus_gutenburg_max_per_row":"","footnotes":""},"class_list":["post-23206","page","type-page","status-publish","hentry"],"_links":{"self":[{"href":"https:\/\/legriotdupeuple.org\/index.php\/wp-json\/wp\/v2\/pages\/23206","targetHints":{"allow":["GET"]}}],"collection":[{"href":"https:\/\/legriotdupeuple.org\/index.php\/wp-json\/wp\/v2\/pages"}],"about":[{"href":"https:\/\/legriotdupeuple.org\/index.php\/wp-json\/wp\/v2\/types\/page"}],"author":[{"embeddable":true,"href":"https:\/\/legriotdupeuple.org\/index.php\/wp-json\/wp\/v2\/users\/1"}],"replies":[{"embeddable":true,"href":"https:\/\/legriotdupeuple.org\/index.php\/wp-json\/wp\/v2\/comments?post=23206"}],"version-history":[{"count":4,"href":"https:\/\/legriotdupeuple.org\/index.php\/wp-json\/wp\/v2\/pages\/23206\/revisions"}],"predecessor-version":[{"id":23224,"href":"https:\/\/legriotdupeuple.org\/index.php\/wp-json\/wp\/v2\/pages\/23206\/revisions\/23224"}],"wp:attachment":[{"href":"https:\/\/legriotdupeuple.org\/index.php\/wp-json\/wp\/v2\/media?parent=23206"}],"curies":[{"name":"wp","href":"https:\/\/api.w.org\/{rel}","templated":true}]}}