{"id":20981,"date":"2022-12-15T17:57:05","date_gmt":"2022-12-15T17:57:05","guid":{"rendered":"https:\/\/elementor.zozothemes.com\/charety\/blog-2-columns-copy\/"},"modified":"2022-12-27T11:03:47","modified_gmt":"2022-12-27T11:03:47","slug":"activites","status":"publish","type":"page","link":"https:\/\/legriotdupeuple.org\/index.php\/activites\/","title":{"rendered":"Activit\u00e9s"},"content":{"rendered":"\t\t<div data-elementor-type=\"wp-page\" data-elementor-id=\"20981\" class=\"elementor elementor-20981\">\n\t\t\t\t\t\t<section class=\"elementor-section elementor-top-section elementor-element elementor-element-e1c1dbe elementor-section-stretched elementor-section-boxed elementor-section-height-default elementor-section-height-default\" data-id=\"e1c1dbe\" data-element_type=\"section\" data-settings=\"{&quot;stretch_section&quot;:&quot;section-stretched&quot;}\">\n\t\t\t\t\t\t<div class=\"elementor-container elementor-column-gap-default\">\n\t\t\t\t\t<div class=\"elementor-column elementor-col-100 elementor-top-column elementor-element elementor-element-d69a847\" data-id=\"d69a847\" data-element_type=\"column\">\n\t\t\t<div class=\"elementor-widget-wrap elementor-element-populated\">\n\t\t\t\t\t\t<div class=\"elementor-element elementor-element-d5fb6a7 elementor-widget elementor-widget-charetyblog\" data-id=\"d5fb6a7\" data-element_type=\"widget\" data-widget_type=\"charetyblog.default\">\n\t\t\t\t\r\n\t\t<div class=\"elementor-widget-container blog-wrapper blog-style-modern blog-light blog-normal-model shortcode-rand-1 charety-inline-css\" data-css=\"&quot;.shortcode-rand-1.blog-wrapper .blog-inner &gt; *:nth-child(1) { margin-bottom: 24px; }.shortcode-rand-1.blog-wrapper .blog-inner &gt; *:nth-child(2) { margin-bottom: 0px; }.shortcode-rand-1.blog-wrapper .blog-inner &gt; *:nth-child(3) { margin-bottom: 0px; }&quot;\">\r\n\t\t\r\n\t\t\t<div class=\"row\"><div class=\"col-lg-4 col-md-4\"><div class=\"blog-inner\"><div class=\"post-thumb post-overlay-active\"><img fetchpriority=\"high\" decoding=\"async\" height=\"391\" width=\"768\" class=\"img-fluid\" alt=\"MON PR\u00c9SIDENT, TU PARLES BIEN MAIS TU NE PARLES PAS FORT!!\" src=\"https:\/\/legriotdupeuple.org\/wp-content\/uploads\/2025\/07\/lutte-contre-la-corruption-768x391.png\"\/><div class=\"post-overlay-items\"><\/div><\/div><!-- .post-thumb --><div class=\"top-meta clearfix\"><ul class=\"nav top-meta-list meta-left\"><li><div class=\"post-date\"><a href=\"https:\/\/legriotdupeuple.org\/index.php\/2025\/07\/23\/\" ><i class=\"ti-calendar\"><\/i> 23 juillet 2025<\/a><\/div><\/li><\/ul><\/div><div class=\"entry-title\"><h4 class=\"post-title-head\"><a href=\"https:\/\/legriotdupeuple.org\/index.php\/2025\/07\/23\/mon-president-tu-parles-bien-mais-tu-parles-pas-fort\/\" class=\"post-title\">MON PR\u00c9SIDENT, TU PARLES BIEN MAIS TU NE PARLES PAS FORT!!<\/a><\/h4><\/div><!-- .entry-title --><div class=\"bottom-meta clearfix\"><ul class=\"nav bottom-meta-list meta-left\"><li><div class=\"post-more\"><a class=\"read-more\" href=\"https:\/\/legriotdupeuple.org\/index.php\/2025\/07\/23\/mon-president-tu-parles-bien-mais-tu-parles-pas-fort\/\">Voir plus<\/a><\/div><\/li><\/ul><\/div><\/div><!-- .blog-inner --><\/div><!-- .col \/ .owl-carousel-item \/ .isotope --><div class=\"col-lg-4 col-md-4\"><div class=\"blog-inner\"><div class=\"post-thumb post-overlay-active\"><img decoding=\"async\" height=\"346\" width=\"768\" class=\"img-fluid\" alt=\"Missions de supervisions des activit\u00e9s des associations AGRICOLES et des Avec de l&rsquo; ONG-GRIOT du peuple dans,le cadre de son PROGRAMME de lutte Contre la pauvret\u00e9&#8230;\" src=\"https:\/\/legriotdupeuple.org\/wp-content\/uploads\/2024\/09\/WhatsApp-Image-2024-09-21-at-14.54.50-768x346.jpeg\"\/><div class=\"post-overlay-items\"><\/div><\/div><!-- .post-thumb --><div class=\"top-meta clearfix\"><ul class=\"nav top-meta-list meta-left\"><li><div class=\"post-date\"><a href=\"https:\/\/legriotdupeuple.org\/index.php\/2024\/09\/21\/\" ><i class=\"ti-calendar\"><\/i> 21 septembre 2024<\/a><\/div><\/li><\/ul><\/div><div class=\"entry-title\"><h4 class=\"post-title-head\"><a href=\"https:\/\/legriotdupeuple.org\/index.php\/2024\/09\/21\/missions-de-supervisions-des-activites-des-associations-agricoles-et-des-avec-de-l-ong-griot-du-peuple\/\" class=\"post-title\">Missions de supervisions des activit\u00e9s des associations AGRICOLES et des Avec de l&rsquo; ONG-GRIOT du peuple dans,le cadre de son PROGRAMME de lutte Contre la pauvret\u00e9&#8230;<\/a><\/h4><\/div><!-- .entry-title --><div class=\"bottom-meta clearfix\"><ul class=\"nav bottom-meta-list meta-left\"><li><div class=\"post-more\"><a class=\"read-more\" href=\"https:\/\/legriotdupeuple.org\/index.php\/2024\/09\/21\/missions-de-supervisions-des-activites-des-associations-agricoles-et-des-avec-de-l-ong-griot-du-peuple\/\">Voir plus<\/a><\/div><\/li><\/ul><\/div><\/div><!-- .blog-inner --><\/div><!-- .col \/ .owl-carousel-item \/ .isotope --><div class=\"col-lg-4 col-md-4\"><div class=\"blog-inner\"><div class=\"post-thumb post-overlay-active\"><img decoding=\"async\" height=\"600\" width=\"728\" class=\"img-fluid\" alt=\"Panel sur la Bonne Gouvernance et La Lutte contre La Corruption\" src=\"https:\/\/legriotdupeuple.org\/wp-content\/uploads\/2024\/08\/PHOTO-DE-FAMMILLE-scaled-728x600.jpg\"\/><div class=\"post-overlay-items\"><\/div><\/div><!-- .post-thumb --><div class=\"top-meta clearfix\"><ul class=\"nav top-meta-list meta-left\"><li><div class=\"post-date\"><a href=\"https:\/\/legriotdupeuple.org\/index.php\/2024\/08\/24\/\" ><i class=\"ti-calendar\"><\/i> 24 ao\u00fbt 2024<\/a><\/div><\/li><\/ul><\/div><div class=\"entry-title\"><h4 class=\"post-title-head\"><a href=\"https:\/\/legriotdupeuple.org\/index.php\/2024\/08\/24\/panel-sur-la-bonne-gouvernance-et-la-lutte-contre-la-corruption\/\" class=\"post-title\">Panel sur la Bonne Gouvernance et La Lutte contre La Corruption<\/a><\/h4><\/div><!-- .entry-title --><div class=\"bottom-meta clearfix\"><ul class=\"nav bottom-meta-list meta-left\"><li><div class=\"post-more\"><a class=\"read-more\" href=\"https:\/\/legriotdupeuple.org\/index.php\/2024\/08\/24\/panel-sur-la-bonne-gouvernance-et-la-lutte-contre-la-corruption\/\">Voir plus<\/a><\/div><\/li><\/ul><\/div><\/div><!-- .blog-inner --><\/div><!-- .col \/ .owl-carousel-item \/ .isotope --><\/div><!-- .row --><div class=\"row\"><div class=\"col-lg-4 col-md-4\"><div class=\"blog-inner\"><div class=\"post-thumb post-overlay-active\"><img loading=\"lazy\" decoding=\"async\" height=\"512\" width=\"768\" class=\"img-fluid\" alt=\"Op\u00e9ration de recensement des associations, soci\u00e9t\u00e9s coop\u00e9ratives dans le Bafing\" src=\"https:\/\/legriotdupeuple.org\/wp-content\/uploads\/2022\/10\/mission-1-griot-du-peuple-dans-la-bafing.png\"\/><div class=\"post-overlay-items\"><\/div><\/div><!-- .post-thumb --><div class=\"top-meta clearfix\"><ul class=\"nav top-meta-list meta-left\"><li><div class=\"post-date\"><a href=\"https:\/\/legriotdupeuple.org\/index.php\/2022\/10\/16\/\" ><i class=\"ti-calendar\"><\/i> 16 octobre 2022<\/a><\/div><\/li><\/ul><\/div><div class=\"entry-title\"><h4 class=\"post-title-head\"><a href=\"https:\/\/legriotdupeuple.org\/index.php\/2022\/10\/16\/mise-en-oeuvre-de-l-operation-de-recensement-des-associations-societe-cooperative-et-leurs-membres-dans-la-region-du-bafing\/\" class=\"post-title\">Op\u00e9ration de recensement des associations, soci\u00e9t\u00e9s coop\u00e9ratives dans le Bafing<\/a><\/h4><\/div><!-- .entry-title --><div class=\"bottom-meta clearfix\"><ul class=\"nav bottom-meta-list meta-left\"><li><div class=\"post-more\"><a class=\"read-more\" href=\"https:\/\/legriotdupeuple.org\/index.php\/2022\/10\/16\/mise-en-oeuvre-de-l-operation-de-recensement-des-associations-societe-cooperative-et-leurs-membres-dans-la-region-du-bafing\/\">Voir plus<\/a><\/div><\/li><\/ul><\/div><\/div><!-- .blog-inner --><\/div><!-- .col \/ .owl-carousel-item \/ .isotope --><div class=\"col-lg-4 col-md-4\"><div class=\"blog-inner\"><div class=\"post-thumb post-overlay-active\"><img loading=\"lazy\" decoding=\"async\" height=\"512\" width=\"768\" class=\"img-fluid\" alt=\"Participation \u00e0 la f\u00eate de fin d\u2019ann\u00e9e scolaire de l\u2019institut AL\u2019AZHAR de Treichville\" src=\"https:\/\/legriotdupeuple.org\/wp-content\/uploads\/2022\/08\/Activite-3.jpg\"\/><div class=\"post-overlay-items\"><\/div><\/div><!-- .post-thumb --><div class=\"top-meta clearfix\"><ul class=\"nav top-meta-list meta-left\"><li><div class=\"post-date\"><a href=\"https:\/\/legriotdupeuple.org\/index.php\/2022\/08\/05\/\" ><i class=\"ti-calendar\"><\/i> 5 ao\u00fbt 2022<\/a><\/div><\/li><\/ul><\/div><div class=\"entry-title\"><h4 class=\"post-title-head\"><a href=\"https:\/\/legriotdupeuple.org\/index.php\/2022\/08\/05\/participation-a-la-fete-de-fin-d-annee-scolaire-de-l-institut-al-azhar-sis-dans-la-commune-de-treichville\/\" class=\"post-title\">Participation \u00e0 la f\u00eate de fin d\u2019ann\u00e9e scolaire de l\u2019institut AL\u2019AZHAR de Treichville<\/a><\/h4><\/div><!-- .entry-title --><div class=\"bottom-meta clearfix\"><ul class=\"nav bottom-meta-list meta-left\"><li><div class=\"post-more\"><a class=\"read-more\" href=\"https:\/\/legriotdupeuple.org\/index.php\/2022\/08\/05\/participation-a-la-fete-de-fin-d-annee-scolaire-de-l-institut-al-azhar-sis-dans-la-commune-de-treichville\/\">Voir plus<\/a><\/div><\/li><\/ul><\/div><\/div><!-- .blog-inner --><\/div><!-- .col \/ .owl-carousel-item \/ .isotope --><div class=\"col-lg-4 col-md-4\"><div class=\"blog-inner\"><div class=\"post-thumb post-overlay-active\"><img loading=\"lazy\" decoding=\"async\" height=\"512\" width=\"768\" class=\"img-fluid\" alt=\"Conf\u00e9rence sur l\u2019excellence en milieu scolaire au groupe scolaire du pont \u00e0 Treichville\" src=\"https:\/\/legriotdupeuple.org\/wp-content\/uploads\/2022\/06\/5.png\"\/><div class=\"post-overlay-items\"><\/div><\/div><!-- .post-thumb --><div class=\"top-meta clearfix\"><ul class=\"nav top-meta-list meta-left\"><li><div class=\"post-date\"><a href=\"https:\/\/legriotdupeuple.org\/index.php\/2022\/06\/12\/\" ><i class=\"ti-calendar\"><\/i> 12 juin 2022<\/a><\/div><\/li><\/ul><\/div><div class=\"entry-title\"><h4 class=\"post-title-head\"><a href=\"https:\/\/legriotdupeuple.org\/index.php\/2022\/06\/12\/conference-sur-excellence-en-milieu-scolaire-au-groupe-scolaire-publique-du-pont-a-treichville\/\" class=\"post-title\">Conf\u00e9rence sur l\u2019excellence en milieu scolaire au groupe scolaire du pont \u00e0 Treichville<\/a><\/h4><\/div><!-- .entry-title --><div class=\"bottom-meta clearfix\"><ul class=\"nav bottom-meta-list meta-left\"><li><div class=\"post-more\"><a class=\"read-more\" href=\"https:\/\/legriotdupeuple.org\/index.php\/2022\/06\/12\/conference-sur-excellence-en-milieu-scolaire-au-groupe-scolaire-publique-du-pont-a-treichville\/\">Voir plus<\/a><\/div><\/li><\/ul><\/div><\/div><!-- .blog-inner --><\/div><!-- .col \/ .owl-carousel-item \/ .isotope --><\/div><!-- .row --><div class=\"row\"><div class=\"col-lg-4 col-md-4\"><div class=\"blog-inner\"><div class=\"post-thumb post-overlay-active\"><img loading=\"lazy\" decoding=\"async\" height=\"512\" width=\"768\" class=\"img-fluid\" alt=\"Renforcement des capacit\u00e9s des membres de l&rsquo;ONG le griot du peuple \u00e0 la haute Autorit\u00e9 pour la bonne gouvernance\" src=\"https:\/\/legriotdupeuple.org\/wp-content\/uploads\/2022\/05\/Sans-titre-17.png\"\/><div class=\"post-overlay-items\"><\/div><\/div><!-- .post-thumb --><div class=\"top-meta clearfix\"><ul class=\"nav top-meta-list meta-left\"><li><div class=\"post-date\"><a href=\"https:\/\/legriotdupeuple.org\/index.php\/2022\/05\/11\/\" ><i class=\"ti-calendar\"><\/i> 11 mai 2022<\/a><\/div><\/li><\/ul><\/div><div class=\"entry-title\"><h4 class=\"post-title-head\"><a href=\"https:\/\/legriotdupeuple.org\/index.php\/2022\/05\/11\/la-haute-autorite-pour-la-la-bonne-gouvernance\/\" class=\"post-title\">Renforcement des capacit\u00e9s des membres de l&rsquo;ONG le griot du peuple \u00e0 la haute Autorit\u00e9 pour la bonne gouvernance<\/a><\/h4><\/div><!-- .entry-title --><div class=\"bottom-meta clearfix\"><ul class=\"nav bottom-meta-list meta-left\"><li><div class=\"post-more\"><a class=\"read-more\" href=\"https:\/\/legriotdupeuple.org\/index.php\/2022\/05\/11\/la-haute-autorite-pour-la-la-bonne-gouvernance\/\">Voir plus<\/a><\/div><\/li><\/ul><\/div><\/div><!-- .blog-inner --><\/div><!-- .col \/ .owl-carousel-item \/ .isotope --><div class=\"col-lg-4 col-md-4\"><div class=\"blog-inner\"><div class=\"post-thumb post-overlay-active\"><img loading=\"lazy\" decoding=\"async\" height=\"512\" width=\"768\" class=\"img-fluid\" alt=\"Observateur de l\u2019\u00e9lection pr\u00e9sidentielle du 31 octobre 2020 en cote ivoire\" src=\"https:\/\/legriotdupeuple.org\/wp-content\/uploads\/2020\/10\/1.png\"\/><div class=\"post-overlay-items\"><\/div><\/div><!-- .post-thumb --><div class=\"top-meta clearfix\"><ul class=\"nav top-meta-list meta-left\"><li><div class=\"post-date\"><a href=\"https:\/\/legriotdupeuple.org\/index.php\/2020\/10\/31\/\" ><i class=\"ti-calendar\"><\/i> 31 octobre 2020<\/a><\/div><\/li><\/ul><\/div><div class=\"entry-title\"><h4 class=\"post-title-head\"><a href=\"https:\/\/legriotdupeuple.org\/index.php\/2020\/10\/31\/observateur-a-election-presidentielle-2020\/\" class=\"post-title\">Observateur de l\u2019\u00e9lection pr\u00e9sidentielle du 31 octobre 2020 en cote ivoire<\/a><\/h4><\/div><!-- .entry-title --><div class=\"bottom-meta clearfix\"><ul class=\"nav bottom-meta-list meta-left\"><li><div class=\"post-more\"><a class=\"read-more\" href=\"https:\/\/legriotdupeuple.org\/index.php\/2020\/10\/31\/observateur-a-election-presidentielle-2020\/\">Voir plus<\/a><\/div><\/li><\/ul><\/div><\/div><!-- .blog-inner --><\/div><!-- .col \/ .owl-carousel-item \/ .isotope --><div class=\"col-lg-4 col-md-4\"><div class=\"blog-inner\"><div class=\"post-thumb post-overlay-active\"><img loading=\"lazy\" decoding=\"async\" height=\"512\" width=\"768\" class=\"img-fluid\" alt=\"S\u00e9ance de travail \u00e0 la direction des affaires juridiques du minist\u00e8re de l\u2019\u00e9ducation nationale et l\u2019alphab\u00e9tisation\" src=\"https:\/\/legriotdupeuple.org\/wp-content\/uploads\/2022\/02\/2.png\"\/><div class=\"post-overlay-items\"><\/div><\/div><!-- .post-thumb --><div class=\"top-meta clearfix\"><ul class=\"nav top-meta-list meta-left\"><li><div class=\"post-date\"><a href=\"https:\/\/legriotdupeuple.org\/index.php\/2020\/06\/15\/\" ><i class=\"ti-calendar\"><\/i> 15 juin 2020<\/a><\/div><\/li><\/ul><\/div><div class=\"entry-title\"><h4 class=\"post-title-head\"><a href=\"https:\/\/legriotdupeuple.org\/index.php\/2020\/06\/15\/seance-de-travail-au-ministere-education-nationale-et-de-alphabetisation\/\" class=\"post-title\">S\u00e9ance de travail \u00e0 la direction des affaires juridiques du minist\u00e8re de l\u2019\u00e9ducation nationale et l\u2019alphab\u00e9tisation<\/a><\/h4><\/div><!-- .entry-title --><div class=\"bottom-meta clearfix\"><ul class=\"nav bottom-meta-list meta-left\"><li><div class=\"post-more\"><a class=\"read-more\" href=\"https:\/\/legriotdupeuple.org\/index.php\/2020\/06\/15\/seance-de-travail-au-ministere-education-nationale-et-de-alphabetisation\/\">Voir plus<\/a><\/div><\/li><\/ul><\/div><\/div><!-- .blog-inner --><\/div><!-- .col \/ .owl-carousel-item \/ .isotope --><\/div><!-- .row --><div class=\"post-pagination-wrap\"><ul class=\"nav pagination post-pagination justify-content-center\"><li class=\"nav-item active\"><span class=\"active\">01<\/span><\/li><li class=\"nav-item\"><a href=\"https:\/\/legriotdupeuple.org\/index.php\/wp-json\/wp\/v2\/pages\/20981\/page\/2\/\">02<\/a><\/li><li class=\"nav-item\"><a href=\"https:\/\/legriotdupeuple.org\/index.php\/wp-json\/wp\/v2\/pages\/20981\/page\/2\/\" class=\"next-page\" title=\"next\">Next<\/a><\/li><li class=\"nav-item next\"><a href=\"https:\/\/legriotdupeuple.org\/index.php\/wp-json\/wp\/v2\/pages\/20981\/page\/2\/\" title=\"Last\">Last<\/a><\/li><\/ul><\/div>\t\t\t\r\n\t\t<\/div>\r\n\t\t\t\t<\/div>\n\t\t\t\t\t<\/div>\n\t\t<\/div>\n\t\t\t\t\t<\/div>\n\t\t<\/section>\n\t\t\t\t<\/div>\n\t\t","protected":false},"excerpt":{"rendered":"<p>16 octobre 2022 Op\u00e9ration de recensement des associations, soci\u00e9t\u00e9 coop\u00e9rative dans le Bafing Voir plus 5 ao\u00fbt 2022 Participation \u00e0 la f\u00eate de fin d\u2019ann\u00e9e scolaire de l\u2019institut AL\u2019AZHAR de Treichville Voir plus 11 mai 2022 Formation des membres \u00e0 la haute Autorit\u00e9 pour la bonne gouvernance Voir plus 31 octobre 2020 Observateur de l\u2019\u00e9lection<\/p>\n","protected":false},"author":1,"featured_media":0,"parent":0,"menu_order":0,"comment_status":"closed","ping_status":"closed","template":"","meta":{"sfsi_plus_gutenberg_text_before_share":"","sfsi_plus_gutenberg_show_text_before_share":"","sfsi_plus_gutenberg_icon_type":"","sfsi_plus_gutenberg_icon_alignemt":"","sfsi_plus_gutenburg_max_per_row":"","footnotes":""},"class_list":["post-20981","page","type-page","status-publish","hentry"],"_links":{"self":[{"href":"https:\/\/legriotdupeuple.org\/index.php\/wp-json\/wp\/v2\/pages\/20981","targetHints":{"allow":["GET"]}}],"collection":[{"href":"https:\/\/legriotdupeuple.org\/index.php\/wp-json\/wp\/v2\/pages"}],"about":[{"href":"https:\/\/legriotdupeuple.org\/index.php\/wp-json\/wp\/v2\/types\/page"}],"author":[{"embeddable":true,"href":"https:\/\/legriotdupeuple.org\/index.php\/wp-json\/wp\/v2\/users\/1"}],"replies":[{"embeddable":true,"href":"https:\/\/legriotdupeuple.org\/index.php\/wp-json\/wp\/v2\/comments?post=20981"}],"version-history":[{"count":40,"href":"https:\/\/legriotdupeuple.org\/index.php\/wp-json\/wp\/v2\/pages\/20981\/revisions"}],"predecessor-version":[{"id":23079,"href":"https:\/\/legriotdupeuple.org\/index.php\/wp-json\/wp\/v2\/pages\/20981\/revisions\/23079"}],"wp:attachment":[{"href":"https:\/\/legriotdupeuple.org\/index.php\/wp-json\/wp\/v2\/media?parent=20981"}],"curies":[{"name":"wp","href":"https:\/\/api.w.org\/{rel}","templated":true}]}}