{"id":15375,"date":"2020-10-14T12:56:16","date_gmt":"2020-10-14T12:56:16","guid":{"rendered":"https:\/\/elementor.zozothemes.com\/charety\/?page_id=15375"},"modified":"2023-01-05T21:08:20","modified_gmt":"2023-01-05T21:08:20","slug":"notre-mission","status":"publish","type":"page","link":"https:\/\/legriotdupeuple.org\/index.php\/notre-mission\/","title":{"rendered":"Notre Mission"},"content":{"rendered":"\t\t<div data-elementor-type=\"wp-page\" data-elementor-id=\"15375\" class=\"elementor elementor-15375\">\n\t\t\t\t\t\t<section class=\"elementor-section elementor-top-section elementor-element elementor-element-65dc5d37 elementor-section-boxed elementor-section-height-default elementor-section-height-default\" data-id=\"65dc5d37\" data-element_type=\"section\">\n\t\t\t\t\t\t<div class=\"elementor-container elementor-column-gap-default\">\n\t\t\t\t\t<div class=\"elementor-column elementor-col-100 elementor-top-column elementor-element elementor-element-2fad5883\" data-id=\"2fad5883\" data-element_type=\"column\">\n\t\t\t<div class=\"elementor-widget-wrap elementor-element-populated\">\n\t\t\t\t\t\t<div class=\"elementor-element elementor-element-45bfff64 elementor-widget elementor-widget-text-editor\" data-id=\"45bfff64\" data-element_type=\"widget\" data-widget_type=\"text-editor.default\">\n\t\t\t\t<div class=\"elementor-widget-container\">\n\t\t\t<style>\/*! elementor - v3.20.0 - 26-03-2024 *\/\n.elementor-widget-text-editor.elementor-drop-cap-view-stacked .elementor-drop-cap{background-color:#69727d;color:#fff}.elementor-widget-text-editor.elementor-drop-cap-view-framed .elementor-drop-cap{color:#69727d;border:3px solid;background-color:transparent}.elementor-widget-text-editor:not(.elementor-drop-cap-view-default) .elementor-drop-cap{margin-top:8px}.elementor-widget-text-editor:not(.elementor-drop-cap-view-default) .elementor-drop-cap-letter{width:1em;height:1em}.elementor-widget-text-editor .elementor-drop-cap{float:left;text-align:center;line-height:1;font-size:50px}.elementor-widget-text-editor .elementor-drop-cap-letter{display:inline-block}<\/style>\t\t\t\t\t\t\t\t\t\t<\/div>\n\t\t\t\t<\/div>\n\t\t\t\t<div class=\"elementor-element elementor-element-7766cf8b elementor-widget elementor-widget-charetysectiontitle\" data-id=\"7766cf8b\" data-element_type=\"widget\" data-widget_type=\"charetysectiontitle.default\">\n\t\t\t\t<div class=\"elementor-widget-container\">\n\t\t\t<div class=\"section-title-wrapper\"><div class=\"title-wrap\"><h3 class=\"section-title\">Notre <span class=\"title-suffix theme-color\">Mission<\/span><\/h3><\/div><!-- .title-wrap --><div class=\"section-description\"><\/div><!-- .section-description --><\/div><!-- .section-title-wrapper -->\t\t<\/div>\n\t\t\t\t<\/div>\n\t\t\t\t\t<\/div>\n\t\t<\/div>\n\t\t\t\t\t<\/div>\n\t\t<\/section>\n\t\t\t\t<section class=\"elementor-section elementor-top-section elementor-element elementor-element-3dde75fa elementor-section-boxed elementor-section-height-default elementor-section-height-default\" data-id=\"3dde75fa\" data-element_type=\"section\">\n\t\t\t\t\t\t<div class=\"elementor-container elementor-column-gap-default\">\n\t\t\t\t\t<div class=\"elementor-column elementor-col-100 elementor-top-column elementor-element elementor-element-58e22840\" data-id=\"58e22840\" data-element_type=\"column\">\n\t\t\t<div class=\"elementor-widget-wrap elementor-element-populated\">\n\t\t\t\t\t\t<div class=\"elementor-element elementor-element-58466ab0 elementor-widget elementor-widget-text-editor\" data-id=\"58466ab0\" data-element_type=\"widget\" data-widget_type=\"text-editor.default\">\n\t\t\t\t<div class=\"elementor-widget-container\">\n\t\t\t\t\t\t\t<p>Notre mission sur la p\u00e9riode 2022-2025, est de stimuler et d\u2019\u00e9veiller les consciences des populations, notamment celles les plus pauvres, afin qu\u2019elles prennent conscience de leurs conditions vie d\u00e9plorable, en s\u2019impliquant, mais aussi en contribuant volontairement dans les programmes d\u2019aides sociales qui leurs sont adress\u00e9es pour les sortir de la pauvret\u00e9.<br \/>Nous comptons contribuer de mani\u00e8re significative \u00e0 la r\u00e9duction de la pauvret\u00e9 des populations les plus d\u00e9favoris\u00e9es en C\u00f4te-D\u2019Ivoire \u00e0 travers des projets de d\u00e9veloppement, notamment dans le Bafing class\u00e9 29\u00e8me rang sur 31 r\u00e9gions, au niveau de l\u2019indice de pauvret\u00e9 en C\u00f4te-D\u2019Ivoire (sources : Gouvernement, Banque mondiale). <br \/>Notre mission sur cette p\u00e9riode, sera d\u2019accompagner l\u2019\u00e9tat de C\u00f4te-D\u2019Ivoire, en apportant notre contribution \u00e0 l\u2019am\u00e9lioration des conditions de vie de ces populations pour l\u2019\u00e9mergence d\u2019une classe sociale \u00e9panouie dans la r\u00e9gion du Bafing d\u2019ici 2025. Et ce \u00e0 travers son programme de lutte contre la pauvret\u00e9, en milieu p\u00e9ri-urbain et rural dans cette r\u00e9gion.<\/p>\t\t\t\t\t\t<\/div>\n\t\t\t\t<\/div>\n\t\t\t\t<div class=\"elementor-element elementor-element-3240f14f elementor-widget elementor-widget-charetysectiontitle\" data-id=\"3240f14f\" data-element_type=\"widget\" data-widget_type=\"charetysectiontitle.default\">\n\t\t\t\t<div class=\"elementor-widget-container\">\n\t\t\t<div class=\"section-title-wrapper\"><div class=\"title-wrap\"><h3 class=\"section-title\"><\/h3><\/div><!-- .title-wrap --><div class=\"section-description\">\n<\/div><!-- .section-description --><\/div><!-- .section-title-wrapper -->\t\t<\/div>\n\t\t\t\t<\/div>\n\t\t\t\t\t<\/div>\n\t\t<\/div>\n\t\t\t\t\t<\/div>\n\t\t<\/section>\n\t\t\t\t<\/div>\n\t\t","protected":false},"excerpt":{"rendered":"<p>Notre Mission Notre mission sur la p\u00e9riode 2022-2025, est de stimuler et d\u2019\u00e9veiller les consciences des populations, notamment celles les plus pauvres, afin qu\u2019elles prennent conscience de leurs conditions vie d\u00e9plorable, en s\u2019impliquant, mais aussi en contribuant volontairement dans les programmes d\u2019aides sociales qui leurs sont adress\u00e9es pour les sortir de la pauvret\u00e9.Nous comptons contribuer<\/p>\n","protected":false},"author":1,"featured_media":0,"parent":0,"menu_order":0,"comment_status":"closed","ping_status":"closed","template":"","meta":{"sfsi_plus_gutenberg_text_before_share":"","sfsi_plus_gutenberg_show_text_before_share":"","sfsi_plus_gutenberg_icon_type":"","sfsi_plus_gutenberg_icon_alignemt":"","sfsi_plus_gutenburg_max_per_row":"","footnotes":""},"class_list":["post-15375","page","type-page","status-publish","hentry"],"_links":{"self":[{"href":"https:\/\/legriotdupeuple.org\/index.php\/wp-json\/wp\/v2\/pages\/15375","targetHints":{"allow":["GET"]}}],"collection":[{"href":"https:\/\/legriotdupeuple.org\/index.php\/wp-json\/wp\/v2\/pages"}],"about":[{"href":"https:\/\/legriotdupeuple.org\/index.php\/wp-json\/wp\/v2\/types\/page"}],"author":[{"embeddable":true,"href":"https:\/\/legriotdupeuple.org\/index.php\/wp-json\/wp\/v2\/users\/1"}],"replies":[{"embeddable":true,"href":"https:\/\/legriotdupeuple.org\/index.php\/wp-json\/wp\/v2\/comments?post=15375"}],"version-history":[{"count":10,"href":"https:\/\/legriotdupeuple.org\/index.php\/wp-json\/wp\/v2\/pages\/15375\/revisions"}],"predecessor-version":[{"id":23221,"href":"https:\/\/legriotdupeuple.org\/index.php\/wp-json\/wp\/v2\/pages\/15375\/revisions\/23221"}],"wp:attachment":[{"href":"https:\/\/legriotdupeuple.org\/index.php\/wp-json\/wp\/v2\/media?parent=15375"}],"curies":[{"name":"wp","href":"https:\/\/api.w.org\/{rel}","templated":true}]}}