{"id":13384,"date":"2020-06-17T12:07:55","date_gmt":"2020-06-17T12:07:55","guid":{"rendered":"http:\/\/demo.zozothemes.com\/import\/uploads-temp\/charety\/?page_id=13384"},"modified":"2024-09-21T19:51:06","modified_gmt":"2024-09-21T19:51:06","slug":"contact","status":"publish","type":"page","link":"https:\/\/legriotdupeuple.org\/index.php\/contact\/","title":{"rendered":"Contact"},"content":{"rendered":"\t\t<div data-elementor-type=\"wp-page\" data-elementor-id=\"13384\" class=\"elementor elementor-13384\">\n\t\t\t\t\t\t<section class=\"elementor-section elementor-top-section elementor-element elementor-element-2cd88b3 elementor-section-content-middle elementor-section-stretched elementor-section-boxed elementor-section-height-default elementor-section-height-default\" data-id=\"2cd88b3\" data-element_type=\"section\" data-settings=\"{&quot;stretch_section&quot;:&quot;section-stretched&quot;,&quot;background_background&quot;:&quot;classic&quot;}\">\n\t\t\t\t\t\t\t<div class=\"elementor-background-overlay\"><\/div>\n\t\t\t\t\t\t\t<div class=\"elementor-container elementor-column-gap-default\">\n\t\t\t\t\t<div class=\"elementor-column elementor-col-100 elementor-top-column elementor-element elementor-element-1df1edf\" data-id=\"1df1edf\" data-element_type=\"column\">\n\t\t\t<div class=\"elementor-widget-wrap elementor-element-populated\">\n\t\t\t\t\t\t<div class=\"elementor-element elementor-element-a76956b elementor-widget elementor-widget-text-editor\" data-id=\"a76956b\" data-element_type=\"widget\" data-widget_type=\"text-editor.default\">\n\t\t\t\t<div class=\"elementor-widget-container\">\n\t\t\t<style>\/*! elementor - v3.20.0 - 26-03-2024 *\/\n.elementor-widget-text-editor.elementor-drop-cap-view-stacked .elementor-drop-cap{background-color:#69727d;color:#fff}.elementor-widget-text-editor.elementor-drop-cap-view-framed .elementor-drop-cap{color:#69727d;border:3px solid;background-color:transparent}.elementor-widget-text-editor:not(.elementor-drop-cap-view-default) .elementor-drop-cap{margin-top:8px}.elementor-widget-text-editor:not(.elementor-drop-cap-view-default) .elementor-drop-cap-letter{width:1em;height:1em}.elementor-widget-text-editor .elementor-drop-cap{float:left;text-align:center;line-height:1;font-size:50px}.elementor-widget-text-editor .elementor-drop-cap-letter{display:inline-block}<\/style>\t\t\t\t\t\t\t\t\t\t<\/div>\n\t\t\t\t<\/div>\n\t\t\t\t<div class=\"elementor-element elementor-element-d576e20 elementor-widget elementor-widget-charetysectiontitle\" data-id=\"d576e20\" data-element_type=\"widget\" data-widget_type=\"charetysectiontitle.default\">\n\t\t\t\t<div class=\"elementor-widget-container\">\n\t\t\t<div class=\"section-title-wrapper margin-bottom-0 text-center\"><div class=\"title-wrap\"><h2 class=\"section-title\">Contactez nous<\/h2><span class=\"title-separator separator-img\"><img decoding=\"async\" class=\"img-fluid\" src=\"https:\/\/legriotdupeuple.org\/wp-content\/uploads\/2022\/02\/sub-border-1.png\" width=\"82\" height=\"6\" alt=\"\" \/><\/span><\/div><!-- .title-wrap --><div class=\"section-description\"><\/div><!-- .section-description --><\/div><!-- .section-title-wrapper -->\t\t<\/div>\n\t\t\t\t<\/div>\n\t\t\t\t<section class=\"elementor-section elementor-inner-section elementor-element elementor-element-6d6b2eb elementor-section-content-middle elementor-section-boxed elementor-section-height-default elementor-section-height-default\" data-id=\"6d6b2eb\" data-element_type=\"section\">\n\t\t\t\t\t\t<div class=\"elementor-container elementor-column-gap-default\">\n\t\t\t\t\t<div class=\"elementor-column elementor-col-33 elementor-inner-column elementor-element elementor-element-5b48fe5\" data-id=\"5b48fe5\" data-element_type=\"column\">\n\t\t\t<div class=\"elementor-widget-wrap elementor-element-populated\">\n\t\t\t\t\t\t<div class=\"elementor-element elementor-element-f21abb8 elementor-widget elementor-widget-charetyfeaturebox\" data-id=\"f21abb8\" data-element_type=\"widget\" data-widget_type=\"charetyfeaturebox.default\">\n\t\t\t\t<div class=\"elementor-widget-container feature-box-wrapper text-center feature-box-classic-pro shortcode-rand-1 charety-inline-css\" data-css=\"&quot;.shortcode-rand-1.feature-box-wrapper .feature-box-inner &gt; *:nth-child(1), .shortcode-rand-1.feature-box-wrapper &gt; .media &gt; .media-body &gt; *:nth-child(1) { margin-bottom: 15px; }.shortcode-rand-1.feature-box-wrapper .feature-box-inner &gt; *:nth-child(2), .shortcode-rand-1.feature-box-wrapper &gt; .media &gt; .media-body &gt; *:nth-child(2) { margin-bottom: 15px; }.shortcode-rand-1.feature-box-wrapper .feature-box-inner &gt; *:nth-child(3), .shortcode-rand-1.feature-box-wrapper &gt; .media &gt; .media-body &gt; *:nth-child(3) { margin-bottom: 0px; }&quot;\">\r\n\t\t\t<div class=\"feature-box-inner\"><div class=\"feature-box-icon\"><span class=\"text-center icon-theme-color rounded-circle fbox-icon-middle ti-headphone-alt\"><\/span><\/div><h4 class=\"feature-box-title\">T\u00e9l\u00e9phone<\/h4><div class=\"fbox-content\"><a href=\"tel:(+225)0778189336\">WhatsApp : 07 78 189 336<\/a>\n<br>\n<a href=\"tel:(+225)2721594404\">T\u00e9l\u00e9phone Fixe : 27 21 594 404<\/a><\/div><\/div>\t\t<\/div>\r\n\t\t\t\t<\/div>\n\t\t\t\t\t<\/div>\n\t\t<\/div>\n\t\t\t\t<div class=\"elementor-column elementor-col-33 elementor-inner-column elementor-element elementor-element-6a51a18\" data-id=\"6a51a18\" data-element_type=\"column\">\n\t\t\t<div class=\"elementor-widget-wrap elementor-element-populated\">\n\t\t\t\t\t\t<div class=\"elementor-element elementor-element-e7cd6ef elementor-widget elementor-widget-charetyfeaturebox\" data-id=\"e7cd6ef\" data-element_type=\"widget\" data-widget_type=\"charetyfeaturebox.default\">\n\t\t\t\t<div class=\"elementor-widget-container feature-box-wrapper text-center feature-box-classic-pro shortcode-rand-2 charety-inline-css\" data-css=\"&quot;.shortcode-rand-2.feature-box-wrapper .feature-box-inner &gt; *:nth-child(1), .shortcode-rand-2.feature-box-wrapper &gt; .media &gt; .media-body &gt; *:nth-child(1) { margin-bottom: 15px; }.shortcode-rand-2.feature-box-wrapper .feature-box-inner &gt; *:nth-child(2), .shortcode-rand-2.feature-box-wrapper &gt; .media &gt; .media-body &gt; *:nth-child(2) { margin-bottom: 15px; }.shortcode-rand-2.feature-box-wrapper .feature-box-inner &gt; *:nth-child(3), .shortcode-rand-2.feature-box-wrapper &gt; .media &gt; .media-body &gt; *:nth-child(3) { margin-bottom: 0px; }&quot;\">\r\n\t\t\t<div class=\"feature-box-inner\"><div class=\"feature-box-icon\"><span class=\"text-center icon-icon-light rounded-circle fbox-icon-middle ti-location-pin\"><\/span><\/div><h4 class=\"feature-box-title\">Si\u00e8ge social<\/h4><div class=\"fbox-content\"> Abidjan, Treichville avenue 18 Bb Val\u00e9ry Giscard d'Estaing<\/div><\/div>\t\t<\/div>\r\n\t\t\t\t<\/div>\n\t\t\t\t\t<\/div>\n\t\t<\/div>\n\t\t\t\t<div class=\"elementor-column elementor-col-33 elementor-inner-column elementor-element elementor-element-b914be3\" data-id=\"b914be3\" data-element_type=\"column\">\n\t\t\t<div class=\"elementor-widget-wrap elementor-element-populated\">\n\t\t\t\t\t\t<div class=\"elementor-element elementor-element-df41d56 elementor-widget elementor-widget-charetyfeaturebox\" data-id=\"df41d56\" data-element_type=\"widget\" data-widget_type=\"charetyfeaturebox.default\">\n\t\t\t\t<div class=\"elementor-widget-container feature-box-wrapper text-center feature-box-classic-pro shortcode-rand-3 charety-inline-css\" data-css=\"&quot;.shortcode-rand-3.feature-box-wrapper .feature-box-inner &gt; *:nth-child(1), .shortcode-rand-3.feature-box-wrapper &gt; .media &gt; .media-body &gt; *:nth-child(1) { margin-bottom: 15px; }.shortcode-rand-3.feature-box-wrapper .feature-box-inner &gt; *:nth-child(2), .shortcode-rand-3.feature-box-wrapper &gt; .media &gt; .media-body &gt; *:nth-child(2) { margin-bottom: 15px; }.shortcode-rand-3.feature-box-wrapper .feature-box-inner &gt; *:nth-child(3), .shortcode-rand-3.feature-box-wrapper &gt; .media &gt; .media-body &gt; *:nth-child(3) { margin-bottom: 0px; }&quot;\">\r\n\t\t\t<div class=\"feature-box-inner\"><div class=\"feature-box-icon\"><span class=\"text-center icon-theme-color rounded-circle fbox-icon-middle ti-email\"><\/span><\/div><h4 class=\"feature-box-title\">Adresse Email<\/h4><div class=\"fbox-content\"><a href=\"mailto:info@legriotdupeuple.org\">info@legriotdupeuple.org<\/a>\n<a href=\"mailto:Onggriotdupeuple2018@gmail.com\">Onggriotdupeuple2018@gmail.com<\/a><\/div><\/div>\t\t<\/div>\r\n\t\t\t\t<\/div>\n\t\t\t\t\t<\/div>\n\t\t<\/div>\n\t\t\t\t\t<\/div>\n\t\t<\/section>\n\t\t\t\t\t<\/div>\n\t\t<\/div>\n\t\t\t\t\t<\/div>\n\t\t<\/section>\n\t\t\t\t<section class=\"elementor-section elementor-top-section elementor-element elementor-element-33d56fe elementor-section-stretched elementor-section-boxed elementor-section-height-default elementor-section-height-default\" data-id=\"33d56fe\" data-element_type=\"section\" data-settings=\"{&quot;stretch_section&quot;:&quot;section-stretched&quot;,&quot;background_background&quot;:&quot;classic&quot;}\">\n\t\t\t\t\t\t\t<div class=\"elementor-background-overlay\"><\/div>\n\t\t\t\t\t\t\t<div class=\"elementor-container elementor-column-gap-default\">\n\t\t\t\t\t<div class=\"elementor-column elementor-col-50 elementor-top-column elementor-element elementor-element-158fcc4a\" data-id=\"158fcc4a\" data-element_type=\"column\">\n\t\t\t<div class=\"elementor-widget-wrap elementor-element-populated\">\n\t\t\t\t\t\t<div class=\"elementor-element elementor-element-baf30d5 elementor-widget elementor-widget-contactform\" data-id=\"baf30d5\" data-element_type=\"widget\" data-widget_type=\"contactform.default\">\n\t\t\t\t<div class=\"elementor-widget-container\">\n\t\t\t<div class=\"contact-form-wrapper cf-default\"><div class=\"contact-form\">\n<div class=\"wpcf7 no-js\" id=\"wpcf7-f17650-o1\" lang=\"en-US\" dir=\"ltr\">\n<div class=\"screen-reader-response\"><p role=\"status\" aria-live=\"polite\" aria-atomic=\"true\"><\/p> <ul><\/ul><\/div>\n<form action=\"\/index.php\/wp-json\/wp\/v2\/pages\/13384#wpcf7-f17650-o1\" method=\"post\" class=\"wpcf7-form init\" aria-label=\"Contact form\" novalidate=\"novalidate\" data-status=\"init\">\n<div style=\"display: none;\">\n<input type=\"hidden\" name=\"_wpcf7\" value=\"17650\" \/>\n<input type=\"hidden\" name=\"_wpcf7_version\" value=\"5.9.3\" \/>\n<input type=\"hidden\" name=\"_wpcf7_locale\" value=\"en_US\" \/>\n<input type=\"hidden\" name=\"_wpcf7_unit_tag\" value=\"wpcf7-f17650-o1\" \/>\n<input type=\"hidden\" name=\"_wpcf7_container_post\" value=\"0\" \/>\n<input type=\"hidden\" name=\"_wpcf7_posted_data_hash\" value=\"\" \/>\n<\/div>\n<div class=\"row\">\n\t<div class=\"col-md-12\">\n\t\t<p><span class=\"wpcf7-form-control-wrap\" data-name=\"your-name\"><input size=\"40\" class=\"wpcf7-form-control wpcf7-text wpcf7-validates-as-required\" aria-required=\"true\" aria-invalid=\"false\" placeholder=\"Nom\" value=\"\" type=\"text\" name=\"your-name\" \/><\/span><br \/>\n<span class=\"wpcf7-form-control-wrap\" data-name=\"your-email\"><input size=\"40\" class=\"wpcf7-form-control wpcf7-email wpcf7-validates-as-required wpcf7-text wpcf7-validates-as-email\" aria-required=\"true\" aria-invalid=\"false\" placeholder=\"Email\" value=\"\" type=\"email\" name=\"your-email\" \/><\/span><br \/>\n<span class=\"wpcf7-form-control-wrap\" data-name=\"your-phone\"><input size=\"40\" class=\"wpcf7-form-control wpcf7-tel wpcf7-text wpcf7-validates-as-tel\" aria-invalid=\"false\" placeholder=\"Num\u00e9ro t\u00e9l\u00e9phone\" value=\"\" type=\"tel\" name=\"your-phone\" \/><\/span>\n\t\t<\/p>\n\t<\/div>\n\t<div class=\"col-md-12\">\n\t\t<p><span class=\"wpcf7-form-control-wrap\" data-name=\"your-message\"><textarea cols=\"40\" rows=\"10\" class=\"wpcf7-form-control wpcf7-textarea\" aria-invalid=\"false\" placeholder=\"R\u00e9digez votre message\" name=\"your-message\"><\/textarea><\/span>\n\t\t<\/p>\n\t<\/div>\n\t<div class=\"col-md-12\">\n\t\t<p><input class=\"wpcf7-form-control wpcf7-submit has-spinner\" type=\"submit\" value=\"Envoyez message\" \/>\n\t\t<\/p>\n\t<\/div>\n<\/div><div class=\"wpcf7-response-output\" aria-hidden=\"true\"><\/div>\n<\/form>\n<\/div>\n<\/div><!-- .contact-form --><\/div><!-- .contact-form-wrapper -->\t\t<\/div>\n\t\t\t\t<\/div>\n\t\t\t\t\t<\/div>\n\t\t<\/div>\n\t\t\t\t<div class=\"elementor-column elementor-col-50 elementor-top-column elementor-element elementor-element-ecd6e7f\" data-id=\"ecd6e7f\" data-element_type=\"column\">\n\t\t\t<div class=\"elementor-widget-wrap elementor-element-populated\">\n\t\t\t\t\t\t<div class=\"elementor-element elementor-element-0f83a5d elementor-widget elementor-widget-google_maps\" data-id=\"0f83a5d\" data-element_type=\"widget\" data-widget_type=\"google_maps.default\">\n\t\t\t\t<div class=\"elementor-widget-container\">\n\t\t\t<style>\/*! elementor - v3.20.0 - 26-03-2024 *\/\n.elementor-widget-google_maps .elementor-widget-container{overflow:hidden}.elementor-widget-google_maps .elementor-custom-embed{line-height:0}.elementor-widget-google_maps iframe{height:300px}<\/style>\t\t<div class=\"elementor-custom-embed\">\n\t\t\t<iframe loading=\"lazy\"\n\t\t\t\t\tsrc=\"https:\/\/maps.google.com\/maps?q=ONG%20GRIOT%20DUPEUPLE%2C%20225%2C%20Abidjan&#038;t=m&#038;z=18&#038;output=embed&#038;iwloc=near\"\n\t\t\t\t\ttitle=\"ONG GRIOT DUPEUPLE, 225, Abidjan\"\n\t\t\t\t\taria-label=\"ONG GRIOT DUPEUPLE, 225, Abidjan\"\n\t\t\t><\/iframe>\n\t\t<\/div>\n\t\t\t\t<\/div>\n\t\t\t\t<\/div>\n\t\t\t\t\t<\/div>\n\t\t<\/div>\n\t\t\t\t\t<\/div>\n\t\t<\/section>\n\t\t\t\t<\/div>\n\t\t","protected":false},"excerpt":{"rendered":"<p>Contactez nous T\u00e9l\u00e9phone WhatsApp : 07 78 189 336 T\u00e9l\u00e9phone Fixe : 27 21 594 404 Si\u00e8ge social Abidjan, Treichville avenue 18 Bb Val\u00e9ry Giscard d&rsquo;Estaing Adresse Email info@legriotdupeuple.org Onggriotdupeuple2018@gmail.com<\/p>\n","protected":false},"author":1,"featured_media":0,"parent":0,"menu_order":0,"comment_status":"closed","ping_status":"closed","template":"","meta":{"sfsi_plus_gutenberg_text_before_share":"","sfsi_plus_gutenberg_show_text_before_share":"","sfsi_plus_gutenberg_icon_type":"","sfsi_plus_gutenberg_icon_alignemt":"","sfsi_plus_gutenburg_max_per_row":"","footnotes":""},"class_list":["post-13384","page","type-page","status-publish","hentry"],"_links":{"self":[{"href":"https:\/\/legriotdupeuple.org\/index.php\/wp-json\/wp\/v2\/pages\/13384","targetHints":{"allow":["GET"]}}],"collection":[{"href":"https:\/\/legriotdupeuple.org\/index.php\/wp-json\/wp\/v2\/pages"}],"about":[{"href":"https:\/\/legriotdupeuple.org\/index.php\/wp-json\/wp\/v2\/types\/page"}],"author":[{"embeddable":true,"href":"https:\/\/legriotdupeuple.org\/index.php\/wp-json\/wp\/v2\/users\/1"}],"replies":[{"embeddable":true,"href":"https:\/\/legriotdupeuple.org\/index.php\/wp-json\/wp\/v2\/comments?post=13384"}],"version-history":[{"count":31,"href":"https:\/\/legriotdupeuple.org\/index.php\/wp-json\/wp\/v2\/pages\/13384\/revisions"}],"predecessor-version":[{"id":23711,"href":"https:\/\/legriotdupeuple.org\/index.php\/wp-json\/wp\/v2\/pages\/13384\/revisions\/23711"}],"wp:attachment":[{"href":"https:\/\/legriotdupeuple.org\/index.php\/wp-json\/wp\/v2\/media?parent=13384"}],"curies":[{"name":"wp","href":"https:\/\/api.w.org\/{rel}","templated":true}]}}