{"id":13026,"date":"2020-06-12T02:36:16","date_gmt":"2020-06-12T02:36:16","guid":{"rendered":"http:\/\/demo.zozothemes.com\/import\/uploads-temp\/charety\/?page_id=13026"},"modified":"2023-02-14T12:48:41","modified_gmt":"2023-02-14T12:48:41","slug":"apropos-gdp","status":"publish","type":"page","link":"https:\/\/legriotdupeuple.org\/index.php\/apropos-gdp\/","title":{"rendered":"Pr\u00e9sentation"},"content":{"rendered":"\t\t<div data-elementor-type=\"wp-page\" data-elementor-id=\"13026\" class=\"elementor elementor-13026\">\n\t\t\t\t\t\t<section class=\"elementor-section elementor-top-section elementor-element elementor-element-b76dd9c elementor-section-stretched elementor-section-boxed elementor-section-height-default elementor-section-height-default\" data-id=\"b76dd9c\" data-element_type=\"section\" data-settings=\"{&quot;stretch_section&quot;:&quot;section-stretched&quot;}\">\n\t\t\t\t\t\t<div class=\"elementor-container elementor-column-gap-default\">\n\t\t\t\t\t<div class=\"elementor-column elementor-col-50 elementor-top-column elementor-element elementor-element-263d8c2 overflow-hidden boxed-border1\" data-id=\"263d8c2\" data-element_type=\"column\">\n\t\t\t<div class=\"elementor-widget-wrap elementor-element-populated\">\n\t\t\t\t\t\t<div class=\"elementor-element elementor-element-dbfbe3f elementor-widget elementor-widget-image\" data-id=\"dbfbe3f\" data-element_type=\"widget\" data-widget_type=\"image.default\">\n\t\t\t\t<div class=\"elementor-widget-container\">\n\t\t\t<style>\/*! elementor - v3.20.0 - 26-03-2024 *\/\n.elementor-widget-image{text-align:center}.elementor-widget-image a{display:inline-block}.elementor-widget-image a img[src$=\".svg\"]{width:48px}.elementor-widget-image img{vertical-align:middle;display:inline-block}<\/style>\t\t\t\t\t\t\t\t\t\t<img decoding=\"async\" src=\"https:\/\/legriotdupeuple.org\/wp-content\/uploads\/elementor\/thumbs\/1-e1667236183829-px170uvz9zir7r6bles2qqkildngqrkhzk2mj1gqhc.jpg\" title=\"1\" alt=\"1\" loading=\"lazy\" \/>\t\t\t\t\t\t\t\t\t\t\t\t\t<\/div>\n\t\t\t\t<\/div>\n\t\t\t\t<div class=\"elementor-element elementor-element-66b9731 img-box-shadow elementor-widget__width-initial elementor-widget elementor-widget-image\" data-id=\"66b9731\" data-element_type=\"widget\" data-widget_type=\"image.default\">\n\t\t\t\t<div class=\"elementor-widget-container\">\n\t\t\t\t\t\t\t\t\t\t\t\t\t<img decoding=\"async\" src=\"https:\/\/legriotdupeuple.org\/wp-content\/uploads\/elementor\/thumbs\/IMG_0146-e1675790840853-q1tjj9dx40ighoj0xzqgm1ddhibk2467rme7l8sy30.jpg\" title=\"IMG_0146\" alt=\"IMG_0146\" loading=\"lazy\" \/>\t\t\t\t\t\t\t\t\t\t\t\t\t<\/div>\n\t\t\t\t<\/div>\n\t\t\t\t\t<\/div>\n\t\t<\/div>\n\t\t\t\t<div class=\"elementor-column elementor-col-50 elementor-top-column elementor-element elementor-element-1131ce7 ps-lg-2\" data-id=\"1131ce7\" data-element_type=\"column\">\n\t\t\t<div class=\"elementor-widget-wrap elementor-element-populated\">\n\t\t\t\t\t\t<div class=\"elementor-element elementor-element-78ade2e elementor-widget elementor-widget-text-editor\" data-id=\"78ade2e\" data-element_type=\"widget\" data-widget_type=\"text-editor.default\">\n\t\t\t\t<div class=\"elementor-widget-container\">\n\t\t\t<style>\/*! elementor - v3.20.0 - 26-03-2024 *\/\n.elementor-widget-text-editor.elementor-drop-cap-view-stacked .elementor-drop-cap{background-color:#69727d;color:#fff}.elementor-widget-text-editor.elementor-drop-cap-view-framed .elementor-drop-cap{color:#69727d;border:3px solid;background-color:transparent}.elementor-widget-text-editor:not(.elementor-drop-cap-view-default) .elementor-drop-cap{margin-top:8px}.elementor-widget-text-editor:not(.elementor-drop-cap-view-default) .elementor-drop-cap-letter{width:1em;height:1em}.elementor-widget-text-editor .elementor-drop-cap{float:left;text-align:center;line-height:1;font-size:50px}.elementor-widget-text-editor .elementor-drop-cap-letter{display:inline-block}<\/style>\t\t\t\t<p>A PROPOS DE L&rsquo;ONG GRIOT DU PEUPLE : GDP<\/p>\t\t\t\t\t\t<\/div>\n\t\t\t\t<\/div>\n\t\t\t\t<div class=\"elementor-element elementor-element-d35a377 elementor-widget elementor-widget-charetysectiontitle\" data-id=\"d35a377\" data-element_type=\"widget\" data-widget_type=\"charetysectiontitle.default\">\n\t\t\t\t<div class=\"elementor-widget-container\">\n\t\t\t<div class=\"section-title-wrapper margin-bottom-0\"><div class=\"title-wrap\"><h2 class=\"section-title\">HISTORIQUE<\/h2><span class=\"title-separator separator-img\"><img decoding=\"async\" class=\"img-fluid\" src=\"https:\/\/legriotdupeuple.org\/wp-content\/uploads\/2022\/02\/sub-border-1.png\" width=\"82\" height=\"6\" alt=\"\" \/><\/span><\/div><!-- .title-wrap --><div class=\"section-description\"><\/div><!-- .section-description --><\/div><!-- .section-title-wrapper -->\t\t<\/div>\n\t\t\t\t<\/div>\n\t\t\t\t<div class=\"elementor-element elementor-element-5616eff elementor-widget elementor-widget-text-editor\" data-id=\"5616eff\" data-element_type=\"widget\" data-widget_type=\"text-editor.default\">\n\t\t\t\t<div class=\"elementor-widget-container\">\n\t\t\t\t\t\t\t<p>Cr\u00e9er en 2018 avec pour d\u00e9nomination L\u2019ONG-GRIOT DU PEUPLE, faisant r\u00e9f\u00e9rence au mythique griot dans l\u2019empire mandingue, est une organisation non gouvernementale nationale \u00e0 but non lucratif. <br \/>Dans le cadre de sa mission, L\u2019ONG-GRIOT DU PEUPLE accompagne le gouvernement dans toutes les politiques qui visent le d\u00e9veloppement humain dans tous les secteurs socio-\u00e9conomiques en C\u00f4te-D\u2019Ivoire, sans distinction d\u2019origine, de race, d\u2019ethnie ou de religion.<br \/>En tant qu\u2019une organisation caritative \u00e0 but non lucratif et non apolitique, nous avons en effet pour objectif, le d\u00e9veloppement humain dans tous les domaines socio-\u00e9conomiques, \u00e0 savoir :<\/p><ul><li>Eveiller et stimuler les consciences des populations, promouvoir et valoriser la bonne gouvernance ;<\/li><li>Enqu\u00eater et d\u00e9noncer la corruption\u00a0;\u00a0<\/li><li>Contribuer au d\u00e9veloppement humain, dans tous les domaines socio-\u00e9conomiques\u00a0au niveau de l\u2019\u00e9ducation, la culture, la sant\u00e9, l\u2019agriculture et l\u2019\u00e9levage\u00a0;<\/li><li>D\u00e9velopper le leadership f\u00e9minin \u00e0 travers l\u2019entreprenariat f\u00e9minin pour l\u2019atteinte de l\u2019autonomisation des femmes\u00a0;<\/li><li>Veiller au respect de l\u2019environnement pour la protection de l\u2019\u00e9cosyst\u00e8me\u00a0et au respect des r\u00e8glementations en vigueurs au niveau de l\u2019\u00e9nergie et la gestion des d\u00e9chets\u00a0;<\/li><li>Veiller \u00e0 la qualit\u00e9 de l\u2019alimentation et la s\u00e9curit\u00e9 alimentaire, d\u00e9fendre les droits humains, notamment les personnes vuln\u00e9rables.<\/li><\/ul>\t\t\t\t\t\t<\/div>\n\t\t\t\t<\/div>\n\t\t\t\t\t<\/div>\n\t\t<\/div>\n\t\t\t\t\t<\/div>\n\t\t<\/section>\n\t\t\t\t<section class=\"elementor-section elementor-top-section elementor-element elementor-element-60eb6ce elementor-section-stretched elementor-section-boxed elementor-section-height-default elementor-section-height-default\" data-id=\"60eb6ce\" data-element_type=\"section\" data-settings=\"{&quot;stretch_section&quot;:&quot;section-stretched&quot;,&quot;background_background&quot;:&quot;classic&quot;}\">\n\t\t\t\t\t\t\t<div class=\"elementor-background-overlay\"><\/div>\n\t\t\t\t\t\t\t<div class=\"elementor-container elementor-column-gap-default\">\n\t\t\t\t\t<div class=\"elementor-column elementor-col-50 elementor-top-column elementor-element elementor-element-db9f4c0\" data-id=\"db9f4c0\" data-element_type=\"column\">\n\t\t\t<div class=\"elementor-widget-wrap elementor-element-populated\">\n\t\t\t\t\t\t<div class=\"elementor-element elementor-element-9608ca7 elementor-widget elementor-widget-text-editor\" data-id=\"9608ca7\" data-element_type=\"widget\" data-widget_type=\"text-editor.default\">\n\t\t\t\t<div class=\"elementor-widget-container\">\n\t\t\t\t\t\t\t<p>TEAM GDP<\/p>\t\t\t\t\t\t<\/div>\n\t\t\t\t<\/div>\n\t\t\t\t<div class=\"elementor-element elementor-element-ca21b57 elementor-widget elementor-widget-charetysectiontitle\" data-id=\"ca21b57\" data-element_type=\"widget\" data-widget_type=\"charetysectiontitle.default\">\n\t\t\t\t<div class=\"elementor-widget-container\">\n\t\t\t<div class=\"section-title-wrapper margin-bottom-0\"><div class=\"title-wrap\"><h2 class=\"section-title\">\u00cates-vous pr\u00eat \u00e0 rejoindre l&#039;\u00e9quipe\u00a0?<\/h2><span class=\"title-separator separator-img\"><img decoding=\"async\" class=\"img-fluid\" src=\"https:\/\/legriotdupeuple.org\/wp-content\/uploads\/2022\/02\/sub-border-1.png\" width=\"82\" height=\"6\" alt=\"\" \/><\/span><\/div><!-- .title-wrap --><div class=\"section-description\"><\/div><!-- .section-description --><\/div><!-- .section-title-wrapper -->\t\t<\/div>\n\t\t\t\t<\/div>\n\t\t\t\t<div class=\"elementor-element elementor-element-08f7c21 elementor-align-left elementor-widget elementor-widget-button\" data-id=\"08f7c21\" data-element_type=\"widget\" data-widget_type=\"button.default\">\n\t\t\t\t<div class=\"elementor-widget-container\">\n\t\t\t\t\t<div class=\"elementor-button-wrapper\">\n\t\t\t<a class=\"elementor-button elementor-button-link elementor-size-sm\" href=\"https:\/\/legriotdupeuple.org\/index.php\/contact\/\">\n\t\t\t\t\t\t<span class=\"elementor-button-content-wrapper\">\n\t\t\t\t\t\t<span class=\"elementor-button-icon elementor-align-icon-right\">\n\t\t\t\t<i aria-hidden=\"true\" class=\"far fa-heart\"><\/i>\t\t\t<\/span>\n\t\t\t\t\t\t<span class=\"elementor-button-text\">nOUS JOINDRE<\/span>\n\t\t<\/span>\n\t\t\t\t\t<\/a>\n\t\t<\/div>\n\t\t\t\t<\/div>\n\t\t\t\t<\/div>\n\t\t\t\t\t<\/div>\n\t\t<\/div>\n\t\t\t\t<div class=\"elementor-column elementor-col-50 elementor-top-column elementor-element elementor-element-6910ad6\" data-id=\"6910ad6\" data-element_type=\"column\">\n\t\t\t<div class=\"elementor-widget-wrap\">\n\t\t\t\t\t\t\t<\/div>\n\t\t<\/div>\n\t\t\t\t\t<\/div>\n\t\t<\/section>\n\t\t\t\t<section class=\"elementor-section elementor-top-section elementor-element elementor-element-d3b5bcb elementor-section-stretched elementor-section-boxed elementor-section-height-default elementor-section-height-default\" data-id=\"d3b5bcb\" data-element_type=\"section\" data-settings=\"{&quot;stretch_section&quot;:&quot;section-stretched&quot;,&quot;background_background&quot;:&quot;classic&quot;}\">\n\t\t\t\t\t\t\t<div class=\"elementor-background-overlay\"><\/div>\n\t\t\t\t\t\t\t<div class=\"elementor-container elementor-column-gap-default\">\n\t\t\t\t\t<div class=\"elementor-column elementor-col-50 elementor-top-column elementor-element elementor-element-4a36dd4\" data-id=\"4a36dd4\" data-element_type=\"column\">\n\t\t\t<div class=\"elementor-widget-wrap\">\n\t\t\t\t\t\t\t<\/div>\n\t\t<\/div>\n\t\t\t\t<div class=\"elementor-column elementor-col-50 elementor-top-column elementor-element elementor-element-b720c4c\" data-id=\"b720c4c\" data-element_type=\"column\">\n\t\t\t<div class=\"elementor-widget-wrap elementor-element-populated\">\n\t\t\t\t\t\t<div class=\"elementor-element elementor-element-40347dc elementor-widget elementor-widget-charetyteam\" data-id=\"40347dc\" data-element_type=\"widget\" data-widget_type=\"charetyteam.default\">\n\t\t\t\t<div class=\"elementor-widget-container\">\n\t\t\t<div class=\"team-wrapper team-classic text-center team-light shortcode-rand-1 charety-inline-css\" data-css=\"&quot;.shortcode-rand-1.team-wrapper .team-inner &gt; *:nth-child(1) { margin-bottom: 0px; }.shortcode-rand-1.team-wrapper .team-inner &gt; *:nth-child(2) { margin-bottom: 0px; }&quot;\"><div class=\"owl-carousel\" data-loop=\"0\" data-margin=\"30\" data-center=\"0\" data-nav=\"1\" data-dots=\"0\" data-autoplay=\"0\" data-items=\"2\" data-items-tab=\"2\" data-items-mob=\"1\" data-duration=\"5000\" data-smartspeed=\"250\" data-scrollby=\"1\" data-autoheight=\"false\"><div class=\"item\"><div class=\"team-inner team-overlay-actived\"><div class=\"team-thumb\"><span class=\"overlay-bg overlay-custom\"><\/span><div class=\"team-overlay overlay-center\"><div class=\"team-social-wrap clearfix\"><ul class=\"nav social-icons team-social\"><li><a class=\"social-fb\" href=\"http:\/\/zozothemes.com\/\" target=\"_blank\"><i class=\"ti-facebook\"><\/i><\/a><\/li><li><a class=\"social-twitter\" href=\"http:\/\/zozothemes.com\/\" target=\"_blank\"><i class=\"ti-twitter\"><\/i><\/a><\/li><li><a class=\"social-instagram\" href=\"http:\/\/zozothemes.com\/\" target=\"_blank\"><i class=\"ti-instagram\"><\/i><\/a><\/li><li><a class=\"social-linkedin\" href=\"http:\/\/zozothemes.com\/\" target=\"_blank\"><i class=\"ti-linkedin\"><\/i><\/a><\/li><\/ul><\/div> <!-- .team-social-wrap --><\/div><!-- .team-overlay --><img fetchpriority=\"high\" decoding=\"async\" height=\"600\" width=\"600\" class=\"img-fluid\" alt=\"M. Bamba Issiaka Adama\" src=\"https:\/\/legriotdupeuple.org\/wp-content\/uploads\/2019\/04\/IMG_0146-e1675181313896-600x600.jpg\"\/><\/div><!-- .team-thumb --><div class=\"team-info-wrap\"><div class=\"team-name\"><h4><span class=\"client-name\">M. Bamba Issiaka Adama<\/span><\/h4><\/div><!-- .team-name --><div class=\"team-designation\">Pr\u00e9sident Fondateur de l&#039;ONG<\/div><!-- .team-designation --><\/div><!-- .team-info-wrap --><\/div><!-- .team-inner --><\/div><!-- .item --><div class=\"item\"><div class=\"team-inner team-overlay-actived\"><div class=\"team-thumb\"><span class=\"overlay-bg overlay-custom\"><\/span><div class=\"team-overlay overlay-center\"><div class=\"team-social-wrap clearfix\"><ul class=\"nav social-icons team-social\"><li><a class=\"social-fb\" href=\"http:\/\/zozothemes.com\/\" target=\"_blank\"><i class=\"ti-facebook\"><\/i><\/a><\/li><li><a class=\"social-twitter\" href=\"http:\/\/zozothemes.com\/\" target=\"_blank\"><i class=\"ti-twitter\"><\/i><\/a><\/li><li><a class=\"social-instagram\" href=\"http:\/\/zozothemes.com\/\" target=\"_blank\"><i class=\"ti-instagram\"><\/i><\/a><\/li><li><a class=\"social-linkedin\" href=\"http:\/\/zozothemes.com\/\" target=\"_blank\"><i class=\"ti-linkedin\"><\/i><\/a><\/li><\/ul><\/div> <!-- .team-social-wrap --><\/div><!-- .team-overlay --><img decoding=\"async\" height=\"600\" width=\"600\" class=\"img-fluid\" alt=\"M. Soumahoro Aboulaye\" src=\"https:\/\/legriotdupeuple.org\/wp-content\/uploads\/2019\/04\/22430796-4a94-443a-ae04-0d4fcaa364d9-e1671124259356-600x600.jpg\"\/><\/div><!-- .team-thumb --><div class=\"team-info-wrap\"><div class=\"team-name\"><h4><span class=\"client-name\">M. Soumahoro Aboulaye<\/span><\/h4><\/div><!-- .team-name --><div class=\"team-designation\">Chef d\u2019Etude Projet<\/div><!-- .team-designation --><\/div><!-- .team-info-wrap --><\/div><!-- .team-inner --><\/div><!-- .item --><div class=\"item\"><div class=\"team-inner team-overlay-actived\"><div class=\"team-thumb\"><span class=\"overlay-bg overlay-custom\"><\/span><div class=\"team-overlay overlay-center\"><div class=\"team-social-wrap clearfix\"><ul class=\"nav social-icons team-social\"><li><a class=\"social-fb\" href=\"http:\/\/zozothemes.com\/\" target=\"_blank\"><i class=\"ti-facebook\"><\/i><\/a><\/li><li><a class=\"social-twitter\" href=\"http:\/\/zozothemes.com\/\" target=\"_blank\"><i class=\"ti-twitter\"><\/i><\/a><\/li><li><a class=\"social-instagram\" href=\"http:\/\/zozothemes.com\/\" target=\"_blank\"><i class=\"ti-instagram\"><\/i><\/a><\/li><li><a class=\"social-linkedin\" href=\"http:\/\/zozothemes.com\/\" target=\"_blank\"><i class=\"ti-linkedin\"><\/i><\/a><\/li><\/ul><\/div> <!-- .team-social-wrap --><\/div><!-- .team-overlay --><img loading=\"lazy\" decoding=\"async\" height=\"600\" width=\"600\" class=\"img-fluid\" alt=\"M. Bamba Vassanissi\" src=\"https:\/\/legriotdupeuple.org\/wp-content\/uploads\/2019\/04\/93a37c9d-9889-4f96-9ca4-1329a415216a-e1671124609389-600x600.jpg\"\/><\/div><!-- .team-thumb --><div class=\"team-info-wrap\"><div class=\"team-name\"><h4><span class=\"client-name\">M. Bamba Vassanissi<\/span><\/h4><\/div><!-- .team-name --><div class=\"team-designation\">Responsable Logistique et Transport<\/div><!-- .team-designation --><\/div><!-- .team-info-wrap --><\/div><!-- .team-inner --><\/div><!-- .item --><\/div><!-- .owl-carousel --><\/div><!-- .team-wrapper -->\t\t<\/div>\n\t\t\t\t<\/div>\n\t\t\t\t\t<\/div>\n\t\t<\/div>\n\t\t\t\t\t<\/div>\n\t\t<\/section>\n\t\t\t\t<\/div>\n\t\t","protected":false},"excerpt":{"rendered":"<p>A PROPOS DE L&rsquo;ONG GRIOT DU PEUPLE : GDP HISTORIQUE Cr\u00e9er en 2018 avec pour d\u00e9nomination L\u2019ONG-GRIOT DU PEUPLE, faisant r\u00e9f\u00e9rence au mythique griot dans l\u2019empire mandingue, est une organisation non gouvernementale nationale \u00e0 but non lucratif. Dans le cadre de sa mission, L\u2019ONG-GRIOT DU PEUPLE accompagne le gouvernement dans toutes les politiques qui visent<\/p>\n","protected":false},"author":1,"featured_media":0,"parent":0,"menu_order":0,"comment_status":"closed","ping_status":"closed","template":"","meta":{"sfsi_plus_gutenberg_text_before_share":"","sfsi_plus_gutenberg_show_text_before_share":"","sfsi_plus_gutenberg_icon_type":"","sfsi_plus_gutenberg_icon_alignemt":"","sfsi_plus_gutenburg_max_per_row":"","footnotes":""},"class_list":["post-13026","page","type-page","status-publish","hentry"],"_links":{"self":[{"href":"https:\/\/legriotdupeuple.org\/index.php\/wp-json\/wp\/v2\/pages\/13026","targetHints":{"allow":["GET"]}}],"collection":[{"href":"https:\/\/legriotdupeuple.org\/index.php\/wp-json\/wp\/v2\/pages"}],"about":[{"href":"https:\/\/legriotdupeuple.org\/index.php\/wp-json\/wp\/v2\/types\/page"}],"author":[{"embeddable":true,"href":"https:\/\/legriotdupeuple.org\/index.php\/wp-json\/wp\/v2\/users\/1"}],"replies":[{"embeddable":true,"href":"https:\/\/legriotdupeuple.org\/index.php\/wp-json\/wp\/v2\/comments?post=13026"}],"version-history":[{"count":32,"href":"https:\/\/legriotdupeuple.org\/index.php\/wp-json\/wp\/v2\/pages\/13026\/revisions"}],"predecessor-version":[{"id":23375,"href":"https:\/\/legriotdupeuple.org\/index.php\/wp-json\/wp\/v2\/pages\/13026\/revisions\/23375"}],"wp:attachment":[{"href":"https:\/\/legriotdupeuple.org\/index.php\/wp-json\/wp\/v2\/media?parent=13026"}],"curies":[{"name":"wp","href":"https:\/\/api.w.org\/{rel}","templated":true}]}}